{"id":848,"date":"2026-02-25T12:32:16","date_gmt":"2026-02-25T12:32:16","guid":{"rendered":"https:\/\/hotelwhitelisboa.com\/suites\/"},"modified":"2026-04-15T22:04:00","modified_gmt":"2026-04-15T22:04:00","slug":"suites","status":"publish","type":"page","link":"https:\/\/hotelwhitelisboa.com\/es\/suites\/","title":{"rendered":"Suites"},"content":{"rendered":"<section class=\"l-section wpb_row height_medium full_height valign_center with_img\"><div class=\"l-section-img\" role=\"img\" aria-label=\"Imagen\" data-img-width=\"2560\" data-img-height=\"1486\" style=\"background-image: url(https:\/\/hotelwhitelisboa.com\/wp-content\/uploads\/2026\/02\/Sky-5-scaled.jpg);\"><\/div><div class=\"l-section-overlay\" style=\"background:rgba(10,10,10,0.28)\"><\/div><div class=\"l-section-h i-cf\"><div class=\"g-cols vc_row via_grid cols_1 laptops-cols_inherit tablets-cols_inherit mobiles-cols_1 valign_top type_default stacking_default\"><div class=\"wpb_column vc_column_container\"><div class=\"vc_column-inner\"><div class=\"wpb_text_column us_custom_c89fa3f8 has_text_color\"><div class=\"wpb_wrapper\"><h1 style=\"text-align: center;\">SUITES<\/h1>\n<\/div><\/div><\/div><\/div><\/div><\/div><\/section><section class=\"l-section wpb_row us_custom_b6b9dcaa height_medium width_full_with_indents\"><div class=\"l-section-h i-cf\"><div class=\"g-cols vc_row via_grid cols_1 laptops-cols_inherit tablets-cols_inherit mobiles-cols_1 valign_middle type_default stacking_default\"><div class=\"wpb_column vc_column_container\"><div class=\"vc_column-inner\"><div class=\"w-separator size_custom\" style=\"height:10px\"><\/div><div class=\"wpb_text_column us_custom_ec6bfb23\"><div class=\"wpb_wrapper\"><h4 style=\"text-align: center;\"><span>Por encima de la ciudad. Un poco m\u00e1s de todo. <\/span><\/h4>\n<\/div><\/div><div class=\"w-separator size_small\"><\/div><div class=\"wpb_text_column us_custom_fbc9b449\"><div class=\"wpb_wrapper\"><p style=\"text-align: center;\">M\u00e1s espacio, m\u00e1s luz y un poco m\u00e1s de todo aquello que hace que una estancia sea especial. Tanto si vienes a pasar un fin de semana largo como si te vas a quedar m\u00e1s tiempo, cada suite del Hotel White Lisboa ha sido dise\u00f1ada para que te sientas como en casa en lo alto de la ciudad: espaciosa, tranquila y discretamente lujosa. Elige la que mejor se adapte a tu ritmo.  <\/p>\n<\/div><\/div><\/div><\/div><\/div><\/div><\/section><section class=\"l-section wpb_row us_custom_b6b9dcaa height_auto width_full_with_indents\"><div class=\"l-section-h i-cf\"><div class=\"g-cols vc_row via_grid cols_1 laptops-cols_inherit tablets-cols_inherit mobiles-cols_1 valign_middle type_default stacking_default\" style=\"--columns-gap:0.1rem;\"><div class=\"wpb_column vc_column_container\"><div class=\"vc_column-inner\"><div class=\"w-gallery fit_cover type_mosaic_hor action_popup_image ratio_1x1 count_6\" style=\"--columns:4;--items-gap:5px;--items-height:36cqw;\"><div class=\"w-gallery-list\"><div class=\"w-gallery-item\"><div class=\"w-gallery-item-img\"><img loading=\"lazy\" decoding=\"async\" width=\"2560\" height=\"1551\" src=\"https:\/\/hotelwhitelisboa.com\/wp-content\/uploads\/2026\/02\/Sky-4-scaled.jpg\" class=\"attachment-full size-full\" alt=\"\" srcset=\"https:\/\/hotelwhitelisboa.com\/wp-content\/uploads\/2026\/02\/Sky-4-scaled.jpg 2560w, https:\/\/hotelwhitelisboa.com\/wp-content\/uploads\/2026\/02\/Sky-4-300x182.jpg 300w, https:\/\/hotelwhitelisboa.com\/wp-content\/uploads\/2026\/02\/Sky-4-1024x620.jpg 1024w\" sizes=\"auto, (max-width: 2560px) 100vw, 2560px\" \/><\/div><a class=\"w-gallery-item-link\" aria-label=\"Sky (4)\" href=\"https:\/\/hotelwhitelisboa.com\/wp-content\/uploads\/2026\/02\/Sky-4-scaled.jpg\"><\/a><\/div><div class=\"w-gallery-item\"><div class=\"w-gallery-item-img\"><img loading=\"lazy\" decoding=\"async\" width=\"2560\" height=\"1616\" src=\"https:\/\/hotelwhitelisboa.com\/wp-content\/uploads\/2026\/02\/Sky-6-scaled.jpg\" class=\"attachment-full size-full\" alt=\"\" srcset=\"https:\/\/hotelwhitelisboa.com\/wp-content\/uploads\/2026\/02\/Sky-6-scaled.jpg 2560w, https:\/\/hotelwhitelisboa.com\/wp-content\/uploads\/2026\/02\/Sky-6-300x189.jpg 300w, https:\/\/hotelwhitelisboa.com\/wp-content\/uploads\/2026\/02\/Sky-6-1024x646.jpg 1024w\" sizes=\"auto, (max-width: 2560px) 100vw, 2560px\" \/><\/div><a class=\"w-gallery-item-link\" aria-label=\"Sky (6)\" href=\"https:\/\/hotelwhitelisboa.com\/wp-content\/uploads\/2026\/02\/Sky-6-scaled.jpg\"><\/a><\/div><div class=\"w-gallery-item\"><div class=\"w-gallery-item-img\"><img loading=\"lazy\" decoding=\"async\" width=\"2560\" height=\"1486\" src=\"https:\/\/hotelwhitelisboa.com\/wp-content\/uploads\/2026\/02\/Sky-5-1-scaled.jpg\" class=\"attachment-full size-full\" alt=\"\" srcset=\"https:\/\/hotelwhitelisboa.com\/wp-content\/uploads\/2026\/02\/Sky-5-1-scaled.jpg 2560w, https:\/\/hotelwhitelisboa.com\/wp-content\/uploads\/2026\/02\/Sky-5-1-300x174.jpg 300w, https:\/\/hotelwhitelisboa.com\/wp-content\/uploads\/2026\/02\/Sky-5-1-1024x594.jpg 1024w\" sizes=\"auto, (max-width: 2560px) 100vw, 2560px\" \/><\/div><a class=\"w-gallery-item-link\" aria-label=\"Sky (5)\" href=\"https:\/\/hotelwhitelisboa.com\/wp-content\/uploads\/2026\/02\/Sky-5-1-scaled.jpg\"><\/a><\/div><div class=\"w-gallery-item\"><div class=\"w-gallery-item-img\"><img loading=\"lazy\" decoding=\"async\" width=\"608\" height=\"838\" src=\"https:\/\/hotelwhitelisboa.com\/wp-content\/uploads\/2026\/02\/Detail-Standard-2.png\" class=\"attachment-full size-full\" alt=\"\" srcset=\"https:\/\/hotelwhitelisboa.com\/wp-content\/uploads\/2026\/02\/Detail-Standard-2.png 608w, https:\/\/hotelwhitelisboa.com\/wp-content\/uploads\/2026\/02\/Detail-Standard-2-218x300.png 218w\" sizes=\"auto, (max-width: 608px) 100vw, 608px\" \/><\/div><a class=\"w-gallery-item-link\" aria-label=\"Detail Standard 2\" href=\"https:\/\/hotelwhitelisboa.com\/wp-content\/uploads\/2026\/02\/Detail-Standard-2.png\"><\/a><\/div><div class=\"w-gallery-item\"><div class=\"w-gallery-item-img\"><img loading=\"lazy\" decoding=\"async\" width=\"2560\" height=\"1706\" src=\"https:\/\/hotelwhitelisboa.com\/wp-content\/uploads\/2026\/02\/Superior-6_-scaled.jpg\" class=\"attachment-full size-full\" alt=\"\" srcset=\"https:\/\/hotelwhitelisboa.com\/wp-content\/uploads\/2026\/02\/Superior-6_-scaled.jpg 2560w, https:\/\/hotelwhitelisboa.com\/wp-content\/uploads\/2026\/02\/Superior-6_-300x200.jpg 300w, https:\/\/hotelwhitelisboa.com\/wp-content\/uploads\/2026\/02\/Superior-6_-1024x683.jpg 1024w\" sizes=\"auto, (max-width: 2560px) 100vw, 2560px\" \/><\/div><a class=\"w-gallery-item-link\" aria-label=\"Superior (6)_\" href=\"https:\/\/hotelwhitelisboa.com\/wp-content\/uploads\/2026\/02\/Superior-6_-scaled.jpg\"><\/a><\/div><div class=\"w-gallery-item\"><div class=\"w-gallery-item-img\"><img loading=\"lazy\" decoding=\"async\" width=\"2560\" height=\"1589\" src=\"https:\/\/hotelwhitelisboa.com\/wp-content\/uploads\/2026\/04\/Sky-Suite-Hotel-White-Lisboa-scaled.webp\" class=\"attachment-full size-full\" alt=\"\" srcset=\"https:\/\/hotelwhitelisboa.com\/wp-content\/uploads\/2026\/04\/Sky-Suite-Hotel-White-Lisboa-scaled.webp 2560w, https:\/\/hotelwhitelisboa.com\/wp-content\/uploads\/2026\/04\/Sky-Suite-Hotel-White-Lisboa-300x186.webp 300w, https:\/\/hotelwhitelisboa.com\/wp-content\/uploads\/2026\/04\/Sky-Suite-Hotel-White-Lisboa-1024x636.webp 1024w\" sizes=\"auto, (max-width: 2560px) 100vw, 2560px\" \/><\/div><a class=\"w-gallery-item-link\" aria-label=\"Sky Suite Hotel White Lisboa\" href=\"https:\/\/hotelwhitelisboa.com\/wp-content\/uploads\/2026\/04\/Sky-Suite-Hotel-White-Lisboa-scaled.webp\"><\/a><\/div><\/div><\/div><\/div><\/div><\/div><\/div><\/section><section class=\"l-section wpb_row us_custom_b6b9dcaa height_small\"><div class=\"l-section-h i-cf\"><div class=\"g-cols vc_row via_grid cols_1 laptops-cols_inherit tablets-cols_inherit mobiles-cols_1 valign_top type_default stacking_default\"><div class=\"wpb_column vc_column_container\"><div class=\"vc_column-inner\"><\/div><\/div><\/div><\/div><\/section><section class=\"l-section wpb_row us_custom_b6b9dcaa height_auto width_full_with_indents\"><div class=\"l-section-h i-cf\"><div class=\"g-cols vc_row via_grid cols_1 laptops-cols_inherit tablets-cols_inherit mobiles-cols_1 valign_middle type_default reversed stacking_default\"><div class=\"wpb_column vc_column_container\"><div class=\"vc_column-inner\"><div class=\"wpb_text_column\"><div class=\"wpb_wrapper\"><h3>SKY SUITE<\/h3>\n<\/div><\/div><div class=\"w-separator size_custom\" style=\"height:3px\"><\/div><div class=\"wpb_text_column us_custom_f1a35c23\"><div class=\"wpb_wrapper\"><h5 style=\"text-align: left;\">Tu residencia privada, sobre la ciudad.<\/h5>\n<\/div><\/div><div class=\"w-separator size_small\"><\/div><div class=\"wpb_text_column\"><div class=\"wpb_wrapper\"><p>40 m2 \/ 431 ft<\/p>\n<\/div><\/div><div class=\"w-separator size_medium\"><\/div><\/div><\/div><\/div><\/div><\/section><section class=\"l-section wpb_row us_custom_b6b9dcaa height_auto width_full_with_indents\"><div class=\"l-section-h i-cf\"><div class=\"g-cols vc_row via_grid cols_custom laptops-cols_inherit tablets-cols_inherit mobiles-cols_1 valign_top type_default stacking_default\" style=\"--columns-gap:0rem;--custom-columns:3fr 1.5fr 1.5fr \"><div class=\"wpb_column vc_column_container\"><div class=\"vc_column-inner\"><div class=\"wpb_text_column us_custom_a3e23628\"><div class=\"wpb_wrapper\"><p>La Suite Sky Duplex es lo m\u00e1s destacado de la experiencia en el Hotel White: un aut\u00e9ntico hogar sobre Lisboa, concebido para quienes buscan privacidad, espacio y la libertad de acomodarse a su manera. Situada en la \u00faltima planta del hotel, la suite ocupa dos plantas, con el sal\u00f3n y el dormitorio cuidadosamente separados, cada uno en su propia planta. <\/p>\n<p>La peque\u00f1a cocina \u2014equipada con placa de inducci\u00f3n, microondas, nevera, hervidor y cafetera\u2014 hace que la vida independiente sea un aut\u00e9ntico placer. La sala de estar cuenta con un sof\u00e1 cama y un espacio de trabajo para invitados o viajes de negocios, mientras que el dormitorio de la planta superior ofrece una aut\u00e9ntica sensaci\u00f3n de intimidad. Luminosa, tranquila y cuidadosamente dise\u00f1ada: as\u00ed es la vida en Lisboa en su m\u00e1xima expresi\u00f3n.  <\/p>\n<p>Discretamente excepcional. Situado en el punto perfecto donde la ciudad se funde con el cielo.<\/p>\n<\/div><\/div><div class=\"w-separator size_medium\"><\/div><\/div><\/div><div class=\"wpb_column vc_column_container\"><div class=\"vc_column-inner\"><div class=\"w-text us_custom_020a95dc icon_atleft\"><span class=\"w-text-h\"><i class=\"fal fa-circle\"><\/i><span class=\"w-text-value\">Aire acondicionado<\/span><\/span><\/div><div class=\"w-text us_custom_020a95dc icon_atleft\"><span class=\"w-text-h\"><i class=\"fal fa-circle\"><\/i><span class=\"w-text-value\">Cuarto de ba\u00f1o con ducha<\/span><\/span><\/div><div class=\"w-text us_custom_020a95dc icon_atleft\"><span class=\"w-text-h\"><i class=\"fal fa-circle\"><\/i><span class=\"w-text-value\">Sof\u00e1 cama<\/span><\/span><\/div><div class=\"w-text us_custom_020a95dc icon_atleft\"><span class=\"w-text-h\"><i class=\"fal fa-circle\"><\/i><span class=\"w-text-value\">Wifi gratuito<\/span><\/span><\/div><\/div><\/div><div class=\"wpb_column vc_column_container\"><div class=\"vc_column-inner\"><div class=\"w-text us_custom_020a95dc icon_atleft\"><span class=\"w-text-h\"><i class=\"fal fa-circle\"><\/i><span class=\"w-text-value\">Cocina americana totalmente equipada <\/span><\/span><\/div><div class=\"w-text us_custom_020a95dc icon_atleft\"><span class=\"w-text-h\"><i class=\"fal fa-circle\"><\/i><span class=\"w-text-value\">Televisor de pantalla plana<\/span><\/span><\/div><div class=\"w-text us_custom_020a95dc icon_atleft\"><span class=\"w-text-h\"><i class=\"fal fa-circle\"><\/i><span class=\"w-text-value\">Escritorio<\/span><\/span><\/div><div class=\"w-text us_custom_020a95dc icon_atleft\"><span class=\"w-text-h\"><i class=\"fal fa-circle\"><\/i><span class=\"w-text-value\">Caja fuerte y minibar<\/span><\/span><\/div><\/div><\/div><\/div><\/div><\/section><section class=\"l-section wpb_row us_custom_b6b9dcaa height_auto width_full_with_indents\"><div class=\"l-section-h i-cf\"><div class=\"g-cols vc_row via_grid cols_1 laptops-cols_inherit tablets-cols_inherit mobiles-cols_1 valign_middle type_default stacking_default\" style=\"--columns-gap:0.1rem;\"><div class=\"wpb_column vc_column_container\"><div class=\"vc_column-inner\"><div class=\"w-gallery fit_cover type_mosaic_hor action_popup_image ratio_1x1 count_6\" style=\"--columns:4;--items-gap:5px;--items-height:36cqw;\"><div class=\"w-gallery-list\"><div class=\"w-gallery-item\"><div class=\"w-gallery-item-img\"><img loading=\"lazy\" decoding=\"async\" width=\"2560\" height=\"1525\" src=\"https:\/\/hotelwhitelisboa.com\/wp-content\/uploads\/2026\/02\/High-2-scaled.jpg\" class=\"attachment-full size-full\" alt=\"\" srcset=\"https:\/\/hotelwhitelisboa.com\/wp-content\/uploads\/2026\/02\/High-2-scaled.jpg 2560w, https:\/\/hotelwhitelisboa.com\/wp-content\/uploads\/2026\/02\/High-2-300x179.jpg 300w, https:\/\/hotelwhitelisboa.com\/wp-content\/uploads\/2026\/02\/High-2-1024x610.jpg 1024w\" sizes=\"auto, (max-width: 2560px) 100vw, 2560px\" \/><\/div><a class=\"w-gallery-item-link\" aria-label=\"High (2)\" href=\"https:\/\/hotelwhitelisboa.com\/wp-content\/uploads\/2026\/02\/High-2-scaled.jpg\"><\/a><\/div><div class=\"w-gallery-item\"><div class=\"w-gallery-item-img\"><img loading=\"lazy\" decoding=\"async\" width=\"2560\" height=\"1707\" src=\"https:\/\/hotelwhitelisboa.com\/wp-content\/uploads\/2026\/02\/High-1-scaled.jpg\" class=\"attachment-full size-full\" alt=\"\" srcset=\"https:\/\/hotelwhitelisboa.com\/wp-content\/uploads\/2026\/02\/High-1-scaled.jpg 2560w, https:\/\/hotelwhitelisboa.com\/wp-content\/uploads\/2026\/02\/High-1-300x200.jpg 300w, https:\/\/hotelwhitelisboa.com\/wp-content\/uploads\/2026\/02\/High-1-1024x683.jpg 1024w\" sizes=\"auto, (max-width: 2560px) 100vw, 2560px\" \/><\/div><a class=\"w-gallery-item-link\" aria-label=\"High (1)\" href=\"https:\/\/hotelwhitelisboa.com\/wp-content\/uploads\/2026\/02\/High-1-scaled.jpg\"><\/a><\/div><div class=\"w-gallery-item\"><div class=\"w-gallery-item-img\"><img loading=\"lazy\" decoding=\"async\" width=\"2560\" height=\"1586\" src=\"https:\/\/hotelwhitelisboa.com\/wp-content\/uploads\/2026\/02\/High-3-scaled.jpg\" class=\"attachment-full size-full\" alt=\"\" srcset=\"https:\/\/hotelwhitelisboa.com\/wp-content\/uploads\/2026\/02\/High-3-scaled.jpg 2560w, https:\/\/hotelwhitelisboa.com\/wp-content\/uploads\/2026\/02\/High-3-300x186.jpg 300w, https:\/\/hotelwhitelisboa.com\/wp-content\/uploads\/2026\/02\/High-3-1024x635.jpg 1024w\" sizes=\"auto, (max-width: 2560px) 100vw, 2560px\" \/><\/div><a class=\"w-gallery-item-link\" aria-label=\"High (3)\" href=\"https:\/\/hotelwhitelisboa.com\/wp-content\/uploads\/2026\/02\/High-3-scaled.jpg\"><\/a><\/div><div class=\"w-gallery-item\"><div class=\"w-gallery-item-img\"><img loading=\"lazy\" decoding=\"async\" width=\"2560\" height=\"1655\" src=\"https:\/\/hotelwhitelisboa.com\/wp-content\/uploads\/2026\/02\/High-5-scaled.jpg\" class=\"attachment-full size-full\" alt=\"\" srcset=\"https:\/\/hotelwhitelisboa.com\/wp-content\/uploads\/2026\/02\/High-5-scaled.jpg 2560w, https:\/\/hotelwhitelisboa.com\/wp-content\/uploads\/2026\/02\/High-5-300x194.jpg 300w, https:\/\/hotelwhitelisboa.com\/wp-content\/uploads\/2026\/02\/High-5-1024x662.jpg 1024w\" sizes=\"auto, (max-width: 2560px) 100vw, 2560px\" \/><\/div><a class=\"w-gallery-item-link\" aria-label=\"High (5)\" href=\"https:\/\/hotelwhitelisboa.com\/wp-content\/uploads\/2026\/02\/High-5-scaled.jpg\"><\/a><\/div><div class=\"w-gallery-item\"><div class=\"w-gallery-item-img\"><img loading=\"lazy\" decoding=\"async\" width=\"2560\" height=\"1741\" src=\"https:\/\/hotelwhitelisboa.com\/wp-content\/uploads\/2026\/02\/High-6-scaled.jpg\" class=\"attachment-full size-full\" alt=\"\" srcset=\"https:\/\/hotelwhitelisboa.com\/wp-content\/uploads\/2026\/02\/High-6-scaled.jpg 2560w, https:\/\/hotelwhitelisboa.com\/wp-content\/uploads\/2026\/02\/High-6-300x204.jpg 300w, https:\/\/hotelwhitelisboa.com\/wp-content\/uploads\/2026\/02\/High-6-1024x696.jpg 1024w\" sizes=\"auto, (max-width: 2560px) 100vw, 2560px\" \/><\/div><a class=\"w-gallery-item-link\" aria-label=\"High (6)\" href=\"https:\/\/hotelwhitelisboa.com\/wp-content\/uploads\/2026\/02\/High-6-scaled.jpg\"><\/a><\/div><div class=\"w-gallery-item\"><div class=\"w-gallery-item-img\"><img loading=\"lazy\" decoding=\"async\" width=\"2560\" height=\"1616\" src=\"https:\/\/hotelwhitelisboa.com\/wp-content\/uploads\/2026\/02\/High-7-scaled.jpg\" class=\"attachment-full size-full\" alt=\"\" srcset=\"https:\/\/hotelwhitelisboa.com\/wp-content\/uploads\/2026\/02\/High-7-scaled.jpg 2560w, https:\/\/hotelwhitelisboa.com\/wp-content\/uploads\/2026\/02\/High-7-300x189.jpg 300w, https:\/\/hotelwhitelisboa.com\/wp-content\/uploads\/2026\/02\/High-7-1024x646.jpg 1024w\" sizes=\"auto, (max-width: 2560px) 100vw, 2560px\" \/><\/div><a class=\"w-gallery-item-link\" aria-label=\"High (7)\" href=\"https:\/\/hotelwhitelisboa.com\/wp-content\/uploads\/2026\/02\/High-7-scaled.jpg\"><\/a><\/div><\/div><\/div><\/div><\/div><\/div><\/div><\/section><section class=\"l-section wpb_row us_custom_b6b9dcaa height_small\"><div class=\"l-section-h i-cf\"><div class=\"g-cols vc_row via_grid cols_1 laptops-cols_inherit tablets-cols_inherit mobiles-cols_1 valign_top type_default stacking_default\"><div class=\"wpb_column vc_column_container\"><div class=\"vc_column-inner\"><\/div><\/div><\/div><\/div><\/section><section class=\"l-section wpb_row us_custom_b6b9dcaa height_auto width_full_with_indents\"><div class=\"l-section-h i-cf\"><div class=\"g-cols vc_row via_grid cols_1 laptops-cols_inherit tablets-cols_inherit mobiles-cols_1 valign_middle type_default reversed stacking_default\"><div class=\"wpb_column vc_column_container\"><div class=\"vc_column-inner\"><div class=\"wpb_text_column\"><div class=\"wpb_wrapper\"><h3>HIGH SUITE<\/h3>\n<\/div><\/div><div class=\"w-separator size_custom\" style=\"height:3px\"><\/div><div class=\"wpb_text_column us_custom_f1a35c23\"><div class=\"wpb_wrapper\"><h5 style=\"text-align: left;\">Una vida con las mejores vistas, en el coraz\u00f3n de Lisboa.<\/h5>\n<\/div><\/div><div class=\"w-separator size_small\"><\/div><div class=\"wpb_text_column\"><div class=\"wpb_wrapper\"><p>40 m2 \/ 431 ft<\/p>\n<\/div><\/div><div class=\"w-separator size_medium\"><\/div><\/div><\/div><\/div><\/div><\/section><section class=\"l-section wpb_row us_custom_b6b9dcaa height_auto width_full_with_indents\"><div class=\"l-section-h i-cf\"><div class=\"g-cols vc_row via_grid cols_custom laptops-cols_inherit tablets-cols_inherit mobiles-cols_1 valign_top type_default stacking_default\" style=\"--columns-gap:0rem;--custom-columns:3fr 1.5fr 1.5fr \"><div class=\"wpb_column vc_column_container\"><div class=\"vc_column-inner\"><div class=\"wpb_text_column us_custom_a3e23628\"><div class=\"wpb_wrapper\"><p>Situada en la \u00faltima planta del hotel, la suite High Duplex es un refugio espacioso y de proporciones armoniosas para quienes buscan un poco m\u00e1s de espacio para disfrutar. Sus amplios ventanales dejan entrar la luz natural por todas partes, lo que hace que la suite resulte luminosa y tranquila a cualquier hora del d\u00eda. <\/p>\n<p>The lower level features a comfortable living area with a sofa bed and a dedicated workspace \u2014 perfect for longer stays or travelling with a companion. Upstairs, the king bedroom offers a peaceful sanctuary above the city: restful, private, and quietly luxurious. <\/p>\n<p>Discretamente sofisticada. Situada en lo m\u00e1s alto.<\/p>\n<\/div><\/div><div class=\"w-separator size_medium\"><\/div><\/div><\/div><div class=\"wpb_column vc_column_container\"><div class=\"vc_column-inner\"><div class=\"w-text us_custom_020a95dc icon_atleft\"><span class=\"w-text-h\"><i class=\"fal fa-circle\"><\/i><span class=\"w-text-value\">Aire acondicionado<\/span><\/span><\/div><div class=\"w-text us_custom_020a95dc icon_atleft\"><span class=\"w-text-h\"><i class=\"fal fa-circle\"><\/i><span class=\"w-text-value\">Cuarto de ba\u00f1o con ducha<\/span><\/span><\/div><div class=\"w-text us_custom_020a95dc icon_atleft\"><span class=\"w-text-h\"><i class=\"fal fa-circle\"><\/i><span class=\"w-text-value\">Sof\u00e1 cama<\/span><\/span><\/div><div class=\"w-text us_custom_020a95dc icon_atleft\"><span class=\"w-text-h\"><i class=\"fal fa-circle\"><\/i><span class=\"w-text-value\">Wifi gratuito<\/span><\/span><\/div><\/div><\/div><div class=\"wpb_column vc_column_container\"><div class=\"vc_column-inner\"><div class=\"w-text us_custom_020a95dc icon_atleft\"><span class=\"w-text-h\"><i class=\"fal fa-circle\"><\/i><span class=\"w-text-value\">Cocina americana totalmente equipada <\/span><\/span><\/div><div class=\"w-text us_custom_020a95dc icon_atleft\"><span class=\"w-text-h\"><i class=\"fal fa-circle\"><\/i><span class=\"w-text-value\">Televisor de pantalla plana<\/span><\/span><\/div><div class=\"w-text us_custom_020a95dc icon_atleft\"><span class=\"w-text-h\"><i class=\"fal fa-circle\"><\/i><span class=\"w-text-value\">Escritorio<\/span><\/span><\/div><div class=\"w-text us_custom_020a95dc icon_atleft\"><span class=\"w-text-h\"><i class=\"fal fa-circle\"><\/i><span class=\"w-text-value\">Caja fuerte y minibar<\/span><\/span><\/div><\/div><\/div><\/div><\/div><\/section><section class=\"l-section wpb_row us_custom_b6b9dcaa height_small width_full\"><div class=\"l-section-h i-cf\"><div class=\"g-cols vc_row via_grid cols_1 laptops-cols_inherit tablets-cols_inherit mobiles-cols_1 valign_top type_default stacking_default\"><div class=\"wpb_column vc_column_container\"><div class=\"vc_column-inner\"><\/div><\/div><\/div><\/div><\/section>\n","protected":false},"excerpt":{"rendered":"SUITES Por encima de la ciudad. Un poco m\u00e1s de todo. M\u00e1s espacio, m\u00e1s luz y un poco m\u00e1s de todo aquello que hace que una estancia sea especial. Tanto si vienes a pasar un fin de semana largo como si te vas a quedar m\u00e1s tiempo, cada suite del Hotel White Lisboa ha sido...","protected":false},"author":1,"featured_media":0,"parent":0,"menu_order":0,"comment_status":"closed","ping_status":"closed","template":"","meta":{"footnotes":""},"class_list":["post-848","page","type-page","status-publish","hentry"],"_links":{"self":[{"href":"https:\/\/hotelwhitelisboa.com\/es\/wp-json\/wp\/v2\/pages\/848","targetHints":{"allow":["GET"]}}],"collection":[{"href":"https:\/\/hotelwhitelisboa.com\/es\/wp-json\/wp\/v2\/pages"}],"about":[{"href":"https:\/\/hotelwhitelisboa.com\/es\/wp-json\/wp\/v2\/types\/page"}],"author":[{"embeddable":true,"href":"https:\/\/hotelwhitelisboa.com\/es\/wp-json\/wp\/v2\/users\/1"}],"replies":[{"embeddable":true,"href":"https:\/\/hotelwhitelisboa.com\/es\/wp-json\/wp\/v2\/comments?post=848"}],"version-history":[{"count":3,"href":"https:\/\/hotelwhitelisboa.com\/es\/wp-json\/wp\/v2\/pages\/848\/revisions"}],"predecessor-version":[{"id":864,"href":"https:\/\/hotelwhitelisboa.com\/es\/wp-json\/wp\/v2\/pages\/848\/revisions\/864"}],"wp:attachment":[{"href":"https:\/\/hotelwhitelisboa.com\/es\/wp-json\/wp\/v2\/media?parent=848"}],"curies":[{"name":"wp","href":"https:\/\/api.w.org\/{rel}","templated":true}]}}