{"id":936,"date":"2026-05-01T14:15:59","date_gmt":"2026-05-01T14:15:59","guid":{"rendered":"https:\/\/hotelwhitelisboa.com\/ofertas\/"},"modified":"2026-05-02T22:49:51","modified_gmt":"2026-05-02T22:49:51","slug":"ofertas","status":"publish","type":"page","link":"https:\/\/hotelwhitelisboa.com\/es\/ofertas\/","title":{"rendered":"Ofertas"},"content":{"rendered":"<section class=\"l-section wpb_row us_custom_b3be410f height_medium full_height valign_center with_img\"><div class=\"l-section-img\" role=\"img\" aria-label=\"Imagen\" data-img-width=\"2560\" data-img-height=\"1616\" style=\"background-image: url(https:\/\/hotelwhitelisboa.com\/wp-content\/uploads\/2026\/02\/Deluxe-03-pormenor-scaled.jpg);\"><\/div><div class=\"l-section-overlay\" style=\"background:rgba(10,10,10,0.30)\"><\/div><div class=\"l-section-h i-cf\"><div class=\"g-cols vc_row via_grid cols_1 laptops-cols_inherit tablets-cols_inherit mobiles-cols_1 valign_top type_default stacking_default\"><div class=\"wpb_column vc_column_container\"><div class=\"vc_column-inner\"><div class=\"wpb_text_column us_custom_c89fa3f8 has_text_color\"><div class=\"wpb_wrapper\"><h1 style=\"text-align: center;\">OFERTAS ESPECIALES<\/h1>\n<\/div><\/div><\/div><\/div><\/div><\/div><\/section><section class=\"l-section wpb_row us_custom_b6b9dcaa height_medium width_full_with_indents\"><div class=\"l-section-h i-cf\"><div class=\"g-cols vc_row via_grid cols_1 laptops-cols_inherit tablets-cols_inherit mobiles-cols_1 valign_middle type_default stacking_default\"><div class=\"wpb_column vc_column_container\"><div class=\"vc_column-inner\"><div class=\"w-separator size_custom\" style=\"height:10px\"><\/div><div class=\"wpb_text_column us_custom_ec6bfb23\"><div class=\"wpb_wrapper\"><h4 style=\"text-align: center;\"><span>Ofertas adaptadas a tu forma de viajar<\/span><\/h4>\n<\/div><\/div><div class=\"w-separator size_small\"><\/div><div class=\"wpb_text_column us_custom_fbc9b449\"><div class=\"wpb_wrapper\"><p style=\"text-align: center;\">Tanto si est\u00e1s planificando con antelaci\u00f3n, como si te vas a escapar unas cuantas noches o te vas a quedar un poco m\u00e1s, nuestras ofertas est\u00e1n cuidadosamente dise\u00f1adas para que cada estancia resulte a\u00fan m\u00e1s gratificante. Descubre la oferta que mejor se adapta a tu ritmo y deja que el White Hotel Lisboa se convierta en tu mejor opci\u00f3n en la ciudad.<\/p>\n<\/div><\/div><\/div><\/div><\/div><\/div><\/section><section class=\"l-section wpb_row us_custom_b6b9dcaa height_auto width_full_with_indents\"><div class=\"l-section-h i-cf\"><div class=\"g-cols vc_row via_grid cols_2 laptops-cols_inherit tablets-cols_inherit mobiles-cols_1 valign_top type_default\" style=\"--columns-gap:0rem;\"><div class=\"wpb_column vc_column_container\"><div class=\"vc_column-inner\"><div class=\"w-image has_ratio align_none\"><div class=\"w-image-h\"><div style=\"padding-bottom:75%\"><\/div><img decoding=\"async\" width=\"1920\" height=\"1280\" src=\"https:\/\/hotelwhitelisboa.com\/wp-content\/uploads\/2026\/02\/White-Hotel-Rooftop-Pool.webp\" class=\"attachment-full size-full\" alt=\"\" loading=\"lazy\" \/><\/div><\/div><div class=\"w-separator size_custom\" style=\"height:2vh\"><\/div><div class=\"wpb_text_column\"><div class=\"wpb_wrapper\"><h2>QU\u00c9DATE M\u00c1S TIEMPO, GASTAR\u00c1S MENOS<\/h2>\n<\/div><\/div><div class=\"w-separator size_custom\" style=\"height:5px\"><\/div><div class=\"wpb_text_column us_custom_f1a35c23\"><div class=\"wpb_wrapper\"><h5 style=\"text-align: left;\">M\u00e1s noches, m\u00e1s Lisboa<\/h5>\n<\/div><\/div><div class=\"w-separator size_custom\" style=\"height:5px\"><\/div><div class=\"wpb_text_column hide_on_default hide_on_laptops hide_on_tablets hide_on_mobiles\"><div class=\"wpb_wrapper\"><p style=\"text-align: left;\">From xxx\u20ac \/ night<\/p>\n<\/div><\/div><div class=\"w-separator size_small\"><\/div><div class=\"wpb_text_column\"><div class=\"wpb_wrapper\"><p>Para estancias de cuatro noches o m\u00e1s, disfruta de una estancia a\u00fan m\u00e1s gratificante con desayuno incluido, adem\u00e1s de registro de entrada anticipado y registro de salida tard\u00edo. Dise\u00f1ada cuidadosamente para que disfrutes de una estancia m\u00e1s tranquila y c\u00f3moda, esta oferta te brinda el tiempo y la tranquilidad necesarios para descubrir Lisboa sin prisas y prestando m\u00e1s atenci\u00f3n.<\/p>\n<\/div><\/div><div class=\"w-separator size_custom\" style=\"height:2vh\"><\/div><div class=\"g-cols wpb_row inner via_grid cols_2 laptops-cols_inherit tablets-cols_inherit mobiles-cols_1 valign_top type_default stacking_default\" style=\"--columns-gap:0rem;\"><div class=\"wpb_column vc_column_container\"><div class=\"vc_column-inner\"><div class=\"w-btn-wrapper align_left\"><a class=\"w-btn us-btn-style_7 hover-underline\" href=\"https:\/\/www.secure-hotel-booking.com\/d-edge\/Hotel-White-Lisboa\/JTYR??hotelId=30497&amp;arrivalDate=2026-11-26&amp;departureDate=2026-12-01&amp;rateAction=Highlight&amp;rateId=7257914&amp;selectedAdultCount=2\"><span class=\"w-btn-label\">Reserva ahora<\/span><\/a><\/div><\/div><\/div><div class=\"wpb_column vc_column_container\"><div class=\"vc_column-inner\"><\/div><\/div><\/div><\/div><\/div><div class=\"wpb_column vc_column_container\"><div class=\"vc_column-inner\"><div class=\"w-image has_ratio align_none\"><div class=\"w-image-h\"><div style=\"padding-bottom:75%\"><\/div><img decoding=\"async\" width=\"2560\" height=\"1655\" src=\"https:\/\/hotelwhitelisboa.com\/wp-content\/uploads\/2026\/02\/High-5-scaled.jpg\" class=\"attachment-full size-full\" alt=\"\" loading=\"lazy\" \/><\/div><\/div><div class=\"w-separator size_custom\" style=\"height:2vh\"><\/div><div class=\"wpb_text_column\"><div class=\"wpb_wrapper\"><h2>SUITE DREAMS<\/h2>\n<\/div><\/div><div class=\"w-separator size_custom\" style=\"height:5px\"><\/div><div class=\"wpb_text_column us_custom_f1a35c23\"><div class=\"wpb_wrapper\"><h5 style=\"text-align: left;\">Suite Dreams, Por encima de la ciudad<\/h5>\n<\/div><\/div><div class=\"w-separator size_custom\" style=\"height:5px\"><\/div><div class=\"wpb_text_column hide_on_default hide_on_laptops hide_on_tablets hide_on_mobiles\"><div class=\"wpb_wrapper\"><p style=\"text-align: left;\">From xxx\u20ac \/ night<\/p>\n<\/div><\/div><div class=\"w-separator size_small\"><\/div><div class=\"wpb_text_column\"><div class=\"wpb_wrapper\"><p>Esc\u00e1pese a una de nuestras suites de la \u00faltima planta y descubra una estancia marcada por el espacio, la luz y una sofisticaci\u00f3n discreta. V\u00e1lido para estancias de tres noches o m\u00e1s, el paquete \u00abSuite Dreams\u00bb incluye desayuno y registro de entrada temprano garantizado, lo que a\u00f1ade a\u00fan m\u00e1s comodidad a una experiencia en Lisboa dise\u00f1ada para que se sienta refinada sin esfuerzo.<\/p>\n<\/div><\/div><div class=\"w-separator size_custom\" style=\"height:2vh\"><\/div><div class=\"g-cols wpb_row inner via_grid cols_2 laptops-cols_inherit tablets-cols_inherit mobiles-cols_1 valign_top type_default stacking_default\" style=\"--columns-gap:0rem;\"><div class=\"wpb_column vc_column_container\"><div class=\"vc_column-inner\"><div class=\"w-btn-wrapper align_left\"><a class=\"w-btn us-btn-style_7 hover-underline\" href=\"mailto:reservations@hotelwhitelisboa.com\"><span class=\"w-btn-label\">Comprobar disponibilidad<\/span><\/a><\/div><\/div><\/div><div class=\"wpb_column vc_column_container\"><div class=\"vc_column-inner\"><\/div><\/div><\/div><\/div><\/div><\/div><\/div><\/section><section class=\"l-section wpb_row us_custom_b6b9dcaa height_auto width_full_with_indents parallax_ver\"><div class=\"l-section-h i-cf\"><div class=\"g-cols vc_row via_grid cols_1 laptops-cols_inherit tablets-cols_inherit mobiles-cols_1 valign_top type_default stacking_default\"><div class=\"wpb_column vc_column_container\"><div class=\"vc_column-inner\"><div class=\"w-separator size_medium\"><\/div><\/div><\/div><\/div><\/div><\/section><section class=\"l-section wpb_row us_custom_b6b9dcaa height_auto width_full_with_indents\"><div class=\"l-section-h i-cf\"><div class=\"g-cols vc_row via_grid cols_2 laptops-cols_inherit tablets-cols_inherit mobiles-cols_1 valign_top type_default\" style=\"--columns-gap:0rem;\"><div class=\"wpb_column vc_column_container\"><div class=\"vc_column-inner\"><div class=\"w-image has_ratio align_none\"><div class=\"w-image-h\"><div style=\"padding-bottom:75%\"><\/div><img decoding=\"async\" width=\"2560\" height=\"1920\" src=\"https:\/\/hotelwhitelisboa.com\/wp-content\/uploads\/2026\/03\/tatiana-parubenko-w8rxvPorNt8-unsplash-scaled.webp\" class=\"attachment-full size-full\" alt=\"\" loading=\"lazy\" \/><\/div><\/div><div class=\"w-separator size_custom\" style=\"height:2vh\"><\/div><div class=\"wpb_text_column\"><div class=\"wpb_wrapper\"><h2>EXPERIENCIA ROM\u00c1NTICA<\/h2>\n<\/div><\/div><div class=\"w-separator size_custom\" style=\"height:5px\"><\/div><div class=\"wpb_text_column us_custom_f1a35c23\"><div class=\"wpb_wrapper\"><h5 style=\"text-align: left;\">Un lugar para enamorarse<\/h5>\n<\/div><\/div><div class=\"w-separator size_custom\" style=\"height:5px\"><\/div><div class=\"wpb_text_column hide_on_default hide_on_laptops hide_on_tablets hide_on_mobiles\"><div class=\"wpb_wrapper\"><p style=\"text-align: left;\">From xxx\u20ac \/ night<\/p>\n<\/div><\/div><div class=\"w-separator size_small\"><\/div><div class=\"wpb_text_column\"><div class=\"wpb_wrapper\"><p>Ya sea por una noche o m\u00e1s, descubre una escapada rom\u00e1ntica llena de detalles cuidados y comodidad sin complicaciones. Con desayuno incluido, bombones y un ramo de flores a tu llegada, adem\u00e1s de salida tard\u00eda garantizada, \u00abStay in Love\u00bb est\u00e1 pensada para disfrutar al m\u00e1ximo de los momentos en pareja.<\/p>\n<\/div><\/div><div class=\"w-separator size_custom\" style=\"height:2vh\"><\/div><div class=\"g-cols wpb_row inner via_grid cols_2 laptops-cols_inherit tablets-cols_inherit mobiles-cols_1 valign_top type_default stacking_default\" style=\"--columns-gap:0rem;\"><div class=\"wpb_column vc_column_container\"><div class=\"vc_column-inner\"><div class=\"w-btn-wrapper align_left\"><a class=\"w-btn us-btn-style_7 hover-underline\" href=\"https:\/\/www.secure-hotel-booking.com\/d-edge\/Hotel-White-Lisboa\/JTYR??hotelId=30497&amp;arrivalDate=2026-11-26&amp;departureDate=2026-11-27&amp;rateAction=Highlight&amp;rateId=730484&amp;selectedAdultCount=2\"><span class=\"w-btn-label\">Reserva ahora<\/span><\/a><\/div><\/div><\/div><div class=\"wpb_column vc_column_container\"><div class=\"vc_column-inner\"><\/div><\/div><\/div><\/div><\/div><div class=\"wpb_column vc_column_container\"><div class=\"vc_column-inner\"><div class=\"w-image has_ratio align_none\"><div class=\"w-image-h\"><div style=\"padding-bottom:75%\"><\/div><img decoding=\"async\" width=\"2121\" height=\"1414\" src=\"https:\/\/hotelwhitelisboa.com\/wp-content\/uploads\/2026\/03\/iStock-2077441223.webp\" class=\"attachment-full size-full\" alt=\"\" loading=\"lazy\" \/><\/div><\/div><div class=\"w-separator size_custom\" style=\"height:2vh\"><\/div><div class=\"wpb_text_column\"><div class=\"wpb_wrapper\"><h2>DESAYUNO INCLUIDO<\/h2>\n<\/div><\/div><div class=\"w-separator size_custom\" style=\"height:5px\"><\/div><div class=\"wpb_text_column us_custom_f1a35c23\"><div class=\"wpb_wrapper\"><h5 style=\"text-align: left;\">Despi\u00e9rtate con el desayuno incluido<\/h5>\n<\/div><\/div><div class=\"w-separator size_custom\" style=\"height:5px\"><\/div><div class=\"wpb_text_column hide_on_default hide_on_laptops hide_on_tablets hide_on_mobiles\"><div class=\"wpb_wrapper\"><p style=\"text-align: left;\">From xxx\u20ac \/ night<\/p>\n<\/div><\/div><div class=\"w-separator size_small\"><\/div><div class=\"wpb_text_column\"><div class=\"wpb_wrapper\"><p>Para que tu estancia sea a\u00fan m\u00e1s agradable, disfruta de un desayuno incluido cada ma\u00f1ana de tu visita. Un sencillo detalle que te aporta m\u00e1s tranquilidad, m\u00e1s comodidad y m\u00e1s tiempo para disfrutar de Lisboa a tu propio ritmo.<\/p>\n<\/div><\/div><div class=\"w-separator size_custom\" style=\"height:2vh\"><\/div><div class=\"g-cols wpb_row inner via_grid cols_2 laptops-cols_inherit tablets-cols_inherit mobiles-cols_1 valign_top type_default stacking_default\" style=\"--columns-gap:0rem;\"><div class=\"wpb_column vc_column_container\"><div class=\"vc_column-inner\"><div class=\"w-btn-wrapper align_left\"><a class=\"w-btn us-btn-style_7 hover-underline\" href=\"https:\/\/www.secure-hotel-booking.com\/d-edge\/Hotel-White-Lisboa\/JTYR\/DateSelection?invalidateEngineCache=true\"><span class=\"w-btn-label\">Reserva ahora<\/span><\/a><\/div><\/div><\/div><div class=\"wpb_column vc_column_container\"><div class=\"vc_column-inner\"><\/div><\/div><\/div><\/div><\/div><\/div><\/div><\/section><section class=\"l-section wpb_row us_custom_b6b9dcaa height_auto width_full_with_indents parallax_ver\"><div class=\"l-section-h i-cf\"><div class=\"g-cols vc_row via_grid cols_1 laptops-cols_inherit tablets-cols_inherit mobiles-cols_1 valign_top type_default stacking_default\"><div class=\"wpb_column vc_column_container\"><div class=\"vc_column-inner\"><div class=\"w-separator size_medium\"><\/div><\/div><\/div><\/div><\/div><\/section>\n","protected":false},"excerpt":{"rendered":"OFERTAS ESPECIALES Ofertas adaptadas a tu forma de viajar Tanto si est\u00e1s planificando con antelaci\u00f3n, como si te vas a escapar unas cuantas noches o te vas a quedar un poco m\u00e1s, nuestras ofertas est\u00e1n cuidadosamente dise\u00f1adas para que cada estancia resulte a\u00fan m\u00e1s gratificante. Descubre la oferta que mejor se adapta a tu ritmo...","protected":false},"author":2,"featured_media":860,"parent":0,"menu_order":0,"comment_status":"closed","ping_status":"closed","template":"","meta":{"footnotes":""},"class_list":["post-936","page","type-page","status-publish","has-post-thumbnail","hentry"],"yoast_head":"<!-- This site is optimized with the Yoast SEO plugin v27.5 - https:\/\/yoast.com\/product\/yoast-seo-wordpress\/ -->\n<title>Ofertas | Hotel White Lisboa | Ofertas adaptadas a tu forma de viajar<\/title>\n<meta name=\"description\" content=\"Descubre la oferta que mejor se adapta a tu ritmo y deja que el White Hotel Lisboa se convierta en tu mejor opci\u00f3n en la ciudad.\" \/>\n<meta name=\"robots\" content=\"index, follow, max-snippet:-1, max-image-preview:large, max-video-preview:-1\" \/>\n<link rel=\"canonical\" href=\"https:\/\/hotelwhitelisboa.com\/es\/ofertas\/\" \/>\n<meta property=\"og:locale\" content=\"es_ES\" \/>\n<meta property=\"og:type\" content=\"article\" \/>\n<meta property=\"og:title\" content=\"Ofertas | Hotel White Lisboa | Ofertas adaptadas a tu forma de viajar\" \/>\n<meta property=\"og:description\" content=\"Descubre la oferta que mejor se adapta a tu ritmo y deja que el White Hotel Lisboa se convierta en tu mejor opci\u00f3n en la ciudad.\" \/>\n<meta property=\"og:url\" content=\"https:\/\/hotelwhitelisboa.com\/es\/ofertas\/\" \/>\n<meta property=\"og:site_name\" content=\"Hotel White Lisboa - In the heart of Lisbon, where vibrant boulevards meet a city full of life, Hotel White Lisboa is a place to arrive, breathe, and feel at ease.\" \/>\n<meta property=\"article:modified_time\" content=\"2026-05-02T22:49:51+00:00\" \/>\n<meta property=\"og:image\" content=\"https:\/\/hotelwhitelisboa.com\/wp-content\/uploads\/2026\/02\/High-7-scaled.jpg\" \/>\n\t<meta property=\"og:image:width\" content=\"2560\" \/>\n\t<meta property=\"og:image:height\" content=\"1616\" \/>\n\t<meta property=\"og:image:type\" content=\"image\/jpeg\" \/>\n<meta name=\"twitter:card\" content=\"summary_large_image\" \/>\n<meta name=\"twitter:label1\" content=\"Tiempo de lectura\" \/>\n\t<meta name=\"twitter:data1\" content=\"7 minutos\" \/>\n<script type=\"application\/ld+json\" class=\"yoast-schema-graph\">{\"@context\":\"https:\\\/\\\/schema.org\",\"@graph\":[{\"@type\":\"WebPage\",\"@id\":\"https:\\\/\\\/hotelwhitelisboa.com\\\/es\\\/ofertas\\\/\",\"url\":\"https:\\\/\\\/hotelwhitelisboa.com\\\/es\\\/ofertas\\\/\",\"name\":\"Ofertas | Hotel White Lisboa | Ofertas adaptadas a tu forma de viajar\",\"isPartOf\":{\"@id\":\"https:\\\/\\\/hotelwhitelisboa.com\\\/es\\\/#website\"},\"primaryImageOfPage\":{\"@id\":\"https:\\\/\\\/hotelwhitelisboa.com\\\/es\\\/ofertas\\\/#primaryimage\"},\"image\":{\"@id\":\"https:\\\/\\\/hotelwhitelisboa.com\\\/es\\\/ofertas\\\/#primaryimage\"},\"thumbnailUrl\":\"https:\\\/\\\/hotelwhitelisboa.com\\\/wp-content\\\/uploads\\\/2026\\\/02\\\/High-7-scaled.jpg\",\"datePublished\":\"2026-05-01T14:15:59+00:00\",\"dateModified\":\"2026-05-02T22:49:51+00:00\",\"description\":\"Descubre la oferta que mejor se adapta a tu ritmo y deja que el White Hotel Lisboa se convierta en tu mejor opci\u00f3n en la ciudad.\",\"breadcrumb\":{\"@id\":\"https:\\\/\\\/hotelwhitelisboa.com\\\/es\\\/ofertas\\\/#breadcrumb\"},\"inLanguage\":\"es\",\"potentialAction\":[{\"@type\":\"ReadAction\",\"target\":[\"https:\\\/\\\/hotelwhitelisboa.com\\\/es\\\/ofertas\\\/\"]}]},{\"@type\":\"ImageObject\",\"inLanguage\":\"es\",\"@id\":\"https:\\\/\\\/hotelwhitelisboa.com\\\/es\\\/ofertas\\\/#primaryimage\",\"url\":\"https:\\\/\\\/hotelwhitelisboa.com\\\/wp-content\\\/uploads\\\/2026\\\/02\\\/High-7-scaled.jpg\",\"contentUrl\":\"https:\\\/\\\/hotelwhitelisboa.com\\\/wp-content\\\/uploads\\\/2026\\\/02\\\/High-7-scaled.jpg\",\"width\":2560,\"height\":1616},{\"@type\":\"BreadcrumbList\",\"@id\":\"https:\\\/\\\/hotelwhitelisboa.com\\\/es\\\/ofertas\\\/#breadcrumb\",\"itemListElement\":[{\"@type\":\"ListItem\",\"position\":1,\"name\":\"In\u00edcio\",\"item\":\"https:\\\/\\\/hotelwhitelisboa.com\\\/es\\\/\"},{\"@type\":\"ListItem\",\"position\":2,\"name\":\"Ofertas\"}]},{\"@type\":\"WebSite\",\"@id\":\"https:\\\/\\\/hotelwhitelisboa.com\\\/es\\\/#website\",\"url\":\"https:\\\/\\\/hotelwhitelisboa.com\\\/es\\\/\",\"name\":\"Hotel White Lisboa - In the heart of Lisbon, where vibrant boulevards meet a city full of life, Hotel White Lisboa is a place to arrive, breathe, and feel at ease.\",\"description\":\"Quietly Refined. Perfectly Placed.\",\"potentialAction\":[{\"@type\":\"SearchAction\",\"target\":{\"@type\":\"EntryPoint\",\"urlTemplate\":\"https:\\\/\\\/hotelwhitelisboa.com\\\/es\\\/?s={search_term_string}\"},\"query-input\":{\"@type\":\"PropertyValueSpecification\",\"valueRequired\":true,\"valueName\":\"search_term_string\"}}],\"inLanguage\":\"es\"}]}<\/script>\n<!-- \/ Yoast SEO plugin. -->","yoast_head_json":{"title":"Ofertas | Hotel White Lisboa | Ofertas adaptadas a tu forma de viajar","description":"Descubre la oferta que mejor se adapta a tu ritmo y deja que el White Hotel Lisboa se convierta en tu mejor opci\u00f3n en la ciudad.","robots":{"index":"index","follow":"follow","max-snippet":"max-snippet:-1","max-image-preview":"max-image-preview:large","max-video-preview":"max-video-preview:-1"},"canonical":"https:\/\/hotelwhitelisboa.com\/es\/ofertas\/","og_locale":"es_ES","og_type":"article","og_title":"Ofertas | Hotel White Lisboa | Ofertas adaptadas a tu forma de viajar","og_description":"Descubre la oferta que mejor se adapta a tu ritmo y deja que el White Hotel Lisboa se convierta en tu mejor opci\u00f3n en la ciudad.","og_url":"https:\/\/hotelwhitelisboa.com\/es\/ofertas\/","og_site_name":"Hotel White Lisboa - In the heart of Lisbon, where vibrant boulevards meet a city full of life, Hotel White Lisboa is a place to arrive, breathe, and feel at ease.","article_modified_time":"2026-05-02T22:49:51+00:00","og_image":[{"width":2560,"height":1616,"url":"https:\/\/hotelwhitelisboa.com\/wp-content\/uploads\/2026\/02\/High-7-scaled.jpg","type":"image\/jpeg"}],"twitter_card":"summary_large_image","twitter_misc":{"Tiempo de lectura":"7 minutos"},"schema":{"@context":"https:\/\/schema.org","@graph":[{"@type":"WebPage","@id":"https:\/\/hotelwhitelisboa.com\/es\/ofertas\/","url":"https:\/\/hotelwhitelisboa.com\/es\/ofertas\/","name":"Ofertas | Hotel White Lisboa | Ofertas adaptadas a tu forma de viajar","isPartOf":{"@id":"https:\/\/hotelwhitelisboa.com\/es\/#website"},"primaryImageOfPage":{"@id":"https:\/\/hotelwhitelisboa.com\/es\/ofertas\/#primaryimage"},"image":{"@id":"https:\/\/hotelwhitelisboa.com\/es\/ofertas\/#primaryimage"},"thumbnailUrl":"https:\/\/hotelwhitelisboa.com\/wp-content\/uploads\/2026\/02\/High-7-scaled.jpg","datePublished":"2026-05-01T14:15:59+00:00","dateModified":"2026-05-02T22:49:51+00:00","description":"Descubre la oferta que mejor se adapta a tu ritmo y deja que el White Hotel Lisboa se convierta en tu mejor opci\u00f3n en la ciudad.","breadcrumb":{"@id":"https:\/\/hotelwhitelisboa.com\/es\/ofertas\/#breadcrumb"},"inLanguage":"es","potentialAction":[{"@type":"ReadAction","target":["https:\/\/hotelwhitelisboa.com\/es\/ofertas\/"]}]},{"@type":"ImageObject","inLanguage":"es","@id":"https:\/\/hotelwhitelisboa.com\/es\/ofertas\/#primaryimage","url":"https:\/\/hotelwhitelisboa.com\/wp-content\/uploads\/2026\/02\/High-7-scaled.jpg","contentUrl":"https:\/\/hotelwhitelisboa.com\/wp-content\/uploads\/2026\/02\/High-7-scaled.jpg","width":2560,"height":1616},{"@type":"BreadcrumbList","@id":"https:\/\/hotelwhitelisboa.com\/es\/ofertas\/#breadcrumb","itemListElement":[{"@type":"ListItem","position":1,"name":"In\u00edcio","item":"https:\/\/hotelwhitelisboa.com\/es\/"},{"@type":"ListItem","position":2,"name":"Ofertas"}]},{"@type":"WebSite","@id":"https:\/\/hotelwhitelisboa.com\/es\/#website","url":"https:\/\/hotelwhitelisboa.com\/es\/","name":"Hotel White Lisboa - In the heart of Lisbon, where vibrant boulevards meet a city full of life, Hotel White Lisboa is a place to arrive, breathe, and feel at ease.","description":"Quietly Refined. Perfectly Placed.","potentialAction":[{"@type":"SearchAction","target":{"@type":"EntryPoint","urlTemplate":"https:\/\/hotelwhitelisboa.com\/es\/?s={search_term_string}"},"query-input":{"@type":"PropertyValueSpecification","valueRequired":true,"valueName":"search_term_string"}}],"inLanguage":"es"}]}},"_links":{"self":[{"href":"https:\/\/hotelwhitelisboa.com\/es\/wp-json\/wp\/v2\/pages\/936","targetHints":{"allow":["GET"]}}],"collection":[{"href":"https:\/\/hotelwhitelisboa.com\/es\/wp-json\/wp\/v2\/pages"}],"about":[{"href":"https:\/\/hotelwhitelisboa.com\/es\/wp-json\/wp\/v2\/types\/page"}],"author":[{"embeddable":true,"href":"https:\/\/hotelwhitelisboa.com\/es\/wp-json\/wp\/v2\/users\/2"}],"replies":[{"embeddable":true,"href":"https:\/\/hotelwhitelisboa.com\/es\/wp-json\/wp\/v2\/comments?post=936"}],"version-history":[{"count":6,"href":"https:\/\/hotelwhitelisboa.com\/es\/wp-json\/wp\/v2\/pages\/936\/revisions"}],"predecessor-version":[{"id":977,"href":"https:\/\/hotelwhitelisboa.com\/es\/wp-json\/wp\/v2\/pages\/936\/revisions\/977"}],"wp:featuredmedia":[{"embeddable":true,"href":"https:\/\/hotelwhitelisboa.com\/es\/wp-json\/wp\/v2\/media\/860"}],"wp:attachment":[{"href":"https:\/\/hotelwhitelisboa.com\/es\/wp-json\/wp\/v2\/media?parent=936"}],"curies":[{"name":"wp","href":"https:\/\/api.w.org\/{rel}","templated":true}]}}