{"id":830,"date":"2026-02-25T12:32:16","date_gmt":"2026-02-25T12:32:16","guid":{"rendered":"https:\/\/hotelwhitelisboa.com\/suites\/"},"modified":"2026-04-15T21:56:17","modified_gmt":"2026-04-15T21:56:17","slug":"suites","status":"publish","type":"page","link":"https:\/\/hotelwhitelisboa.com\/fr\/suites\/","title":{"rendered":"Suites"},"content":{"rendered":"<section class=\"l-section wpb_row height_medium full_height valign_center with_img\"><div class=\"l-section-img\" role=\"img\" aria-label=\"Image\" data-img-width=\"2560\" data-img-height=\"1486\" style=\"background-image: url(https:\/\/hotelwhitelisboa.com\/wp-content\/uploads\/2026\/02\/Sky-5-scaled.jpg);\"><\/div><div class=\"l-section-overlay\" style=\"background:rgba(10,10,10,0.28)\"><\/div><div class=\"l-section-h i-cf\"><div class=\"g-cols vc_row via_grid cols_1 laptops-cols_inherit tablets-cols_inherit mobiles-cols_1 valign_top type_default stacking_default\"><div class=\"wpb_column vc_column_container\"><div class=\"vc_column-inner\"><div class=\"wpb_text_column us_custom_c89fa3f8 has_text_color\"><div class=\"wpb_wrapper\"><h1 style=\"text-align: center;\">SUITES<\/h1>\n<\/div><\/div><\/div><\/div><\/div><\/div><\/section><section class=\"l-section wpb_row us_custom_b6b9dcaa height_medium width_full_with_indents\"><div class=\"l-section-h i-cf\"><div class=\"g-cols vc_row via_grid cols_1 laptops-cols_inherit tablets-cols_inherit mobiles-cols_1 valign_middle type_default stacking_default\"><div class=\"wpb_column vc_column_container\"><div class=\"vc_column-inner\"><div class=\"w-separator size_custom\" style=\"height:10px\"><\/div><div class=\"wpb_text_column us_custom_ec6bfb23\"><div class=\"wpb_wrapper\"><h4 style=\"text-align: center;\"><span>Au-dessus de la ville. Un peu plus de tout.<\/span><\/h4>\n<\/div><\/div><div class=\"w-separator size_small\"><\/div><div class=\"wpb_text_column us_custom_fbc9b449\"><div class=\"wpb_wrapper\"><p style=\"text-align: center;\">Plus d&rsquo;espace, plus de lumi\u00e8re et un peu plus de tout ce qui rend un s\u00e9jour exceptionnel. Que vous soyez ici pour un long week-end ou une escapade prolong\u00e9e, chaque suite de l&rsquo;Hotel White Lisboa a \u00e9t\u00e9 con\u00e7ue pour vous offrir le confort d&rsquo;un chez-soi au-dessus de la ville: spacieuse, sereine et d\u00e9licieusement douillette. Choisissez celle qui correspond \u00e0 votre rythme.<\/p>\n<\/div><\/div><\/div><\/div><\/div><\/div><\/section><section class=\"l-section wpb_row us_custom_b6b9dcaa height_auto width_full_with_indents\"><div class=\"l-section-h i-cf\"><div class=\"g-cols vc_row via_grid cols_1 laptops-cols_inherit tablets-cols_inherit mobiles-cols_1 valign_middle type_default stacking_default\" style=\"--columns-gap:0.1rem;\"><div class=\"wpb_column vc_column_container\"><div class=\"vc_column-inner\"><div class=\"w-gallery fit_cover type_mosaic_hor action_popup_image ratio_1x1 count_6\" style=\"--columns:4;--items-gap:5px;--items-height:36cqw;\"><div class=\"w-gallery-list\"><div class=\"w-gallery-item\"><div class=\"w-gallery-item-img\"><img loading=\"lazy\" decoding=\"async\" width=\"2560\" height=\"1551\" src=\"https:\/\/hotelwhitelisboa.com\/wp-content\/uploads\/2026\/02\/Sky-4-scaled.jpg\" class=\"attachment-full size-full\" alt=\"\" srcset=\"https:\/\/hotelwhitelisboa.com\/wp-content\/uploads\/2026\/02\/Sky-4-scaled.jpg 2560w, https:\/\/hotelwhitelisboa.com\/wp-content\/uploads\/2026\/02\/Sky-4-300x182.jpg 300w, https:\/\/hotelwhitelisboa.com\/wp-content\/uploads\/2026\/02\/Sky-4-1024x620.jpg 1024w\" sizes=\"auto, (max-width: 2560px) 100vw, 2560px\" \/><\/div><a class=\"w-gallery-item-link\" aria-label=\"Sky (4)\" href=\"https:\/\/hotelwhitelisboa.com\/wp-content\/uploads\/2026\/02\/Sky-4-scaled.jpg\"><\/a><\/div><div class=\"w-gallery-item\"><div class=\"w-gallery-item-img\"><img loading=\"lazy\" decoding=\"async\" width=\"2560\" height=\"1616\" src=\"https:\/\/hotelwhitelisboa.com\/wp-content\/uploads\/2026\/02\/Sky-6-scaled.jpg\" class=\"attachment-full size-full\" alt=\"\" srcset=\"https:\/\/hotelwhitelisboa.com\/wp-content\/uploads\/2026\/02\/Sky-6-scaled.jpg 2560w, https:\/\/hotelwhitelisboa.com\/wp-content\/uploads\/2026\/02\/Sky-6-300x189.jpg 300w, https:\/\/hotelwhitelisboa.com\/wp-content\/uploads\/2026\/02\/Sky-6-1024x646.jpg 1024w\" sizes=\"auto, (max-width: 2560px) 100vw, 2560px\" \/><\/div><a class=\"w-gallery-item-link\" aria-label=\"Sky (6)\" href=\"https:\/\/hotelwhitelisboa.com\/wp-content\/uploads\/2026\/02\/Sky-6-scaled.jpg\"><\/a><\/div><div class=\"w-gallery-item\"><div class=\"w-gallery-item-img\"><img loading=\"lazy\" decoding=\"async\" width=\"2560\" height=\"1486\" src=\"https:\/\/hotelwhitelisboa.com\/wp-content\/uploads\/2026\/02\/Sky-5-1-scaled.jpg\" class=\"attachment-full size-full\" alt=\"\" srcset=\"https:\/\/hotelwhitelisboa.com\/wp-content\/uploads\/2026\/02\/Sky-5-1-scaled.jpg 2560w, https:\/\/hotelwhitelisboa.com\/wp-content\/uploads\/2026\/02\/Sky-5-1-300x174.jpg 300w, https:\/\/hotelwhitelisboa.com\/wp-content\/uploads\/2026\/02\/Sky-5-1-1024x594.jpg 1024w\" sizes=\"auto, (max-width: 2560px) 100vw, 2560px\" \/><\/div><a class=\"w-gallery-item-link\" aria-label=\"Sky (5)\" href=\"https:\/\/hotelwhitelisboa.com\/wp-content\/uploads\/2026\/02\/Sky-5-1-scaled.jpg\"><\/a><\/div><div class=\"w-gallery-item\"><div class=\"w-gallery-item-img\"><img loading=\"lazy\" decoding=\"async\" width=\"608\" height=\"838\" src=\"https:\/\/hotelwhitelisboa.com\/wp-content\/uploads\/2026\/02\/Detail-Standard-2.png\" class=\"attachment-full size-full\" alt=\"\" srcset=\"https:\/\/hotelwhitelisboa.com\/wp-content\/uploads\/2026\/02\/Detail-Standard-2.png 608w, https:\/\/hotelwhitelisboa.com\/wp-content\/uploads\/2026\/02\/Detail-Standard-2-218x300.png 218w\" sizes=\"auto, (max-width: 608px) 100vw, 608px\" \/><\/div><a class=\"w-gallery-item-link\" aria-label=\"Detail Standard 2\" href=\"https:\/\/hotelwhitelisboa.com\/wp-content\/uploads\/2026\/02\/Detail-Standard-2.png\"><\/a><\/div><div class=\"w-gallery-item\"><div class=\"w-gallery-item-img\"><img loading=\"lazy\" decoding=\"async\" width=\"2560\" height=\"1706\" src=\"https:\/\/hotelwhitelisboa.com\/wp-content\/uploads\/2026\/02\/Superior-6_-scaled.jpg\" class=\"attachment-full size-full\" alt=\"\" srcset=\"https:\/\/hotelwhitelisboa.com\/wp-content\/uploads\/2026\/02\/Superior-6_-scaled.jpg 2560w, https:\/\/hotelwhitelisboa.com\/wp-content\/uploads\/2026\/02\/Superior-6_-300x200.jpg 300w, https:\/\/hotelwhitelisboa.com\/wp-content\/uploads\/2026\/02\/Superior-6_-1024x683.jpg 1024w\" sizes=\"auto, (max-width: 2560px) 100vw, 2560px\" \/><\/div><a class=\"w-gallery-item-link\" aria-label=\"Superior (6)_\" href=\"https:\/\/hotelwhitelisboa.com\/wp-content\/uploads\/2026\/02\/Superior-6_-scaled.jpg\"><\/a><\/div><div class=\"w-gallery-item\"><div class=\"w-gallery-item-img\"><img loading=\"lazy\" decoding=\"async\" width=\"2560\" height=\"1589\" src=\"https:\/\/hotelwhitelisboa.com\/wp-content\/uploads\/2026\/04\/Sky-Suite-Hotel-White-Lisboa-scaled.webp\" class=\"attachment-full size-full\" alt=\"\" srcset=\"https:\/\/hotelwhitelisboa.com\/wp-content\/uploads\/2026\/04\/Sky-Suite-Hotel-White-Lisboa-scaled.webp 2560w, https:\/\/hotelwhitelisboa.com\/wp-content\/uploads\/2026\/04\/Sky-Suite-Hotel-White-Lisboa-300x186.webp 300w, https:\/\/hotelwhitelisboa.com\/wp-content\/uploads\/2026\/04\/Sky-Suite-Hotel-White-Lisboa-1024x636.webp 1024w\" sizes=\"auto, (max-width: 2560px) 100vw, 2560px\" \/><\/div><a class=\"w-gallery-item-link\" aria-label=\"Sky Suite Hotel White Lisboa\" href=\"https:\/\/hotelwhitelisboa.com\/wp-content\/uploads\/2026\/04\/Sky-Suite-Hotel-White-Lisboa-scaled.webp\"><\/a><\/div><\/div><\/div><\/div><\/div><\/div><\/div><\/section><section class=\"l-section wpb_row us_custom_b6b9dcaa height_small\"><div class=\"l-section-h i-cf\"><div class=\"g-cols vc_row via_grid cols_1 laptops-cols_inherit tablets-cols_inherit mobiles-cols_1 valign_top type_default stacking_default\"><div class=\"wpb_column vc_column_container\"><div class=\"vc_column-inner\"><\/div><\/div><\/div><\/div><\/section><section class=\"l-section wpb_row us_custom_b6b9dcaa height_auto width_full_with_indents\"><div class=\"l-section-h i-cf\"><div class=\"g-cols vc_row via_grid cols_1 laptops-cols_inherit tablets-cols_inherit mobiles-cols_1 valign_middle type_default reversed stacking_default\"><div class=\"wpb_column vc_column_container\"><div class=\"vc_column-inner\"><div class=\"wpb_text_column\"><div class=\"wpb_wrapper\"><h3>SKY SUITE<\/h3>\n<\/div><\/div><div class=\"w-separator size_custom\" style=\"height:3px\"><\/div><div class=\"wpb_text_column us_custom_f1a35c23\"><div class=\"wpb_wrapper\"><h5 style=\"text-align: left;\">Votre r\u00e9sidence priv\u00e9e, surplombant la ville.<\/h5>\n<\/div><\/div><div class=\"w-separator size_small\"><\/div><div class=\"wpb_text_column\"><div class=\"wpb_wrapper\"><p>40 m2 \/ 431 ft<\/p>\n<\/div><\/div><div class=\"w-separator size_medium\"><\/div><\/div><\/div><\/div><\/div><\/section><section class=\"l-section wpb_row us_custom_b6b9dcaa height_auto width_full_with_indents\"><div class=\"l-section-h i-cf\"><div class=\"g-cols vc_row via_grid cols_custom laptops-cols_inherit tablets-cols_inherit mobiles-cols_1 valign_top type_default stacking_default\" style=\"--columns-gap:0rem;--custom-columns:3fr 1.5fr 1.5fr \"><div class=\"wpb_column vc_column_container\"><div class=\"vc_column-inner\"><div class=\"wpb_text_column us_custom_a3e23628\"><div class=\"wpb_wrapper\"><p>La suite Sky Duplex incarne le summum de l&rsquo;exp\u00e9rience propos\u00e9e par l&rsquo;Hotel White: un v\u00e9ritable chez-soi au-dessus de Lisbonne, con\u00e7u pour ceux qui recherchent l&rsquo;intimit\u00e9, l&rsquo;espace et la libert\u00e9 de s&rsquo;installer \u00e0 leur guise. Situ\u00e9e au dernier \u00e9tage de l&rsquo;h\u00f4tel, cette suite s&rsquo;\u00e9tend sur deux niveaux, avec un espace de vie et une chambre soigneusement s\u00e9par\u00e9s, chacun occupant son propre \u00e9tage.<\/p>\n<p>La kitchenette \u2014 \u00e9quip\u00e9e d&rsquo;une plaque \u00e0 induction, d&rsquo;un micro-ondes, d&rsquo;un r\u00e9frig\u00e9rateur, d&rsquo;une bouilloire et d&rsquo;une machine \u00e0 caf\u00e9 \u2014 rend la vie en autonomie particuli\u00e8rement agr\u00e9able. L&rsquo;espace de vie offre un canap\u00e9-lit et un espace de travail pour les h\u00f4tes ou les voyages d&rsquo;affaires, tandis que la chambre \u00e0 coucher \u00e0 l&rsquo;\u00e9tage procure un v\u00e9ritable sentiment de retraite. Lumineuse, calme et impeccablement pens\u00e9e : c&rsquo;est la vie \u00e0 Lisbonne dans ce qu&rsquo;elle a de plus raffin\u00e9.<\/p>\n<p>Discr\u00e8tement exceptionnelle. Id\u00e9alement situ\u00e9e, l\u00e0 o\u00f9 la ville rencontre le ciel.<\/p>\n<\/div><\/div><div class=\"w-separator size_medium\"><\/div><\/div><\/div><div class=\"wpb_column vc_column_container\"><div class=\"vc_column-inner\"><div class=\"w-text us_custom_020a95dc icon_atleft\"><span class=\"w-text-h\"><i class=\"fal fa-circle\"><\/i><span class=\"w-text-value\">Climatisation<\/span><\/span><\/div><div class=\"w-text us_custom_020a95dc icon_atleft\"><span class=\"w-text-h\"><i class=\"fal fa-circle\"><\/i><span class=\"w-text-value\">Salle de bains avec douche<\/span><\/span><\/div><div class=\"w-text us_custom_020a95dc icon_atleft\"><span class=\"w-text-h\"><i class=\"fal fa-circle\"><\/i><span class=\"w-text-value\">Canap\u00e9-lit<\/span><\/span><\/div><div class=\"w-text us_custom_020a95dc icon_atleft\"><span class=\"w-text-h\"><i class=\"fal fa-circle\"><\/i><span class=\"w-text-value\">Wi-Fi gratuit<\/span><\/span><\/div><\/div><\/div><div class=\"wpb_column vc_column_container\"><div class=\"vc_column-inner\"><div class=\"w-text us_custom_020a95dc icon_atleft\"><span class=\"w-text-h\"><i class=\"fal fa-circle\"><\/i><span class=\"w-text-value\">Kitchenette enti\u00e8rement \u00e9quip\u00e9e <\/span><\/span><\/div><div class=\"w-text us_custom_020a95dc icon_atleft\"><span class=\"w-text-h\"><i class=\"fal fa-circle\"><\/i><span class=\"w-text-value\">T\u00e9l\u00e9viseur \u00e0 \u00e9cran plat<\/span><\/span><\/div><div class=\"w-text us_custom_020a95dc icon_atleft\"><span class=\"w-text-h\"><i class=\"fal fa-circle\"><\/i><span class=\"w-text-value\">Bureau<\/span><\/span><\/div><div class=\"w-text us_custom_020a95dc icon_atleft\"><span class=\"w-text-h\"><i class=\"fal fa-circle\"><\/i><span class=\"w-text-value\">Coffre-fort et minibar<\/span><\/span><\/div><\/div><\/div><\/div><\/div><\/section><section class=\"l-section wpb_row us_custom_b6b9dcaa height_auto width_full_with_indents\"><div class=\"l-section-h i-cf\"><div class=\"g-cols vc_row via_grid cols_1 laptops-cols_inherit tablets-cols_inherit mobiles-cols_1 valign_middle type_default stacking_default\" style=\"--columns-gap:0.1rem;\"><div class=\"wpb_column vc_column_container\"><div class=\"vc_column-inner\"><div class=\"w-gallery fit_cover type_mosaic_hor action_popup_image ratio_1x1 count_6\" style=\"--columns:4;--items-gap:5px;--items-height:36cqw;\"><div class=\"w-gallery-list\"><div class=\"w-gallery-item\"><div class=\"w-gallery-item-img\"><img loading=\"lazy\" decoding=\"async\" width=\"2560\" height=\"1525\" src=\"https:\/\/hotelwhitelisboa.com\/wp-content\/uploads\/2026\/02\/High-2-scaled.jpg\" class=\"attachment-full size-full\" alt=\"\" srcset=\"https:\/\/hotelwhitelisboa.com\/wp-content\/uploads\/2026\/02\/High-2-scaled.jpg 2560w, https:\/\/hotelwhitelisboa.com\/wp-content\/uploads\/2026\/02\/High-2-300x179.jpg 300w, https:\/\/hotelwhitelisboa.com\/wp-content\/uploads\/2026\/02\/High-2-1024x610.jpg 1024w\" sizes=\"auto, (max-width: 2560px) 100vw, 2560px\" \/><\/div><a class=\"w-gallery-item-link\" aria-label=\"High (2)\" href=\"https:\/\/hotelwhitelisboa.com\/wp-content\/uploads\/2026\/02\/High-2-scaled.jpg\"><\/a><\/div><div class=\"w-gallery-item\"><div class=\"w-gallery-item-img\"><img loading=\"lazy\" decoding=\"async\" width=\"2560\" height=\"1707\" src=\"https:\/\/hotelwhitelisboa.com\/wp-content\/uploads\/2026\/02\/High-1-scaled.jpg\" class=\"attachment-full size-full\" alt=\"\" srcset=\"https:\/\/hotelwhitelisboa.com\/wp-content\/uploads\/2026\/02\/High-1-scaled.jpg 2560w, https:\/\/hotelwhitelisboa.com\/wp-content\/uploads\/2026\/02\/High-1-300x200.jpg 300w, https:\/\/hotelwhitelisboa.com\/wp-content\/uploads\/2026\/02\/High-1-1024x683.jpg 1024w\" sizes=\"auto, (max-width: 2560px) 100vw, 2560px\" \/><\/div><a class=\"w-gallery-item-link\" aria-label=\"High (1)\" href=\"https:\/\/hotelwhitelisboa.com\/wp-content\/uploads\/2026\/02\/High-1-scaled.jpg\"><\/a><\/div><div class=\"w-gallery-item\"><div class=\"w-gallery-item-img\"><img loading=\"lazy\" decoding=\"async\" width=\"2560\" height=\"1586\" src=\"https:\/\/hotelwhitelisboa.com\/wp-content\/uploads\/2026\/02\/High-3-scaled.jpg\" class=\"attachment-full size-full\" alt=\"\" srcset=\"https:\/\/hotelwhitelisboa.com\/wp-content\/uploads\/2026\/02\/High-3-scaled.jpg 2560w, https:\/\/hotelwhitelisboa.com\/wp-content\/uploads\/2026\/02\/High-3-300x186.jpg 300w, https:\/\/hotelwhitelisboa.com\/wp-content\/uploads\/2026\/02\/High-3-1024x635.jpg 1024w\" sizes=\"auto, (max-width: 2560px) 100vw, 2560px\" \/><\/div><a class=\"w-gallery-item-link\" aria-label=\"High (3)\" href=\"https:\/\/hotelwhitelisboa.com\/wp-content\/uploads\/2026\/02\/High-3-scaled.jpg\"><\/a><\/div><div class=\"w-gallery-item\"><div class=\"w-gallery-item-img\"><img loading=\"lazy\" decoding=\"async\" width=\"2560\" height=\"1655\" src=\"https:\/\/hotelwhitelisboa.com\/wp-content\/uploads\/2026\/02\/High-5-scaled.jpg\" class=\"attachment-full size-full\" alt=\"\" srcset=\"https:\/\/hotelwhitelisboa.com\/wp-content\/uploads\/2026\/02\/High-5-scaled.jpg 2560w, https:\/\/hotelwhitelisboa.com\/wp-content\/uploads\/2026\/02\/High-5-300x194.jpg 300w, https:\/\/hotelwhitelisboa.com\/wp-content\/uploads\/2026\/02\/High-5-1024x662.jpg 1024w\" sizes=\"auto, (max-width: 2560px) 100vw, 2560px\" \/><\/div><a class=\"w-gallery-item-link\" aria-label=\"High (5)\" href=\"https:\/\/hotelwhitelisboa.com\/wp-content\/uploads\/2026\/02\/High-5-scaled.jpg\"><\/a><\/div><div class=\"w-gallery-item\"><div class=\"w-gallery-item-img\"><img loading=\"lazy\" decoding=\"async\" width=\"2560\" height=\"1741\" src=\"https:\/\/hotelwhitelisboa.com\/wp-content\/uploads\/2026\/02\/High-6-scaled.jpg\" class=\"attachment-full size-full\" alt=\"\" srcset=\"https:\/\/hotelwhitelisboa.com\/wp-content\/uploads\/2026\/02\/High-6-scaled.jpg 2560w, https:\/\/hotelwhitelisboa.com\/wp-content\/uploads\/2026\/02\/High-6-300x204.jpg 300w, https:\/\/hotelwhitelisboa.com\/wp-content\/uploads\/2026\/02\/High-6-1024x696.jpg 1024w\" sizes=\"auto, (max-width: 2560px) 100vw, 2560px\" \/><\/div><a class=\"w-gallery-item-link\" aria-label=\"High (6)\" href=\"https:\/\/hotelwhitelisboa.com\/wp-content\/uploads\/2026\/02\/High-6-scaled.jpg\"><\/a><\/div><div class=\"w-gallery-item\"><div class=\"w-gallery-item-img\"><img loading=\"lazy\" decoding=\"async\" width=\"2560\" height=\"1616\" src=\"https:\/\/hotelwhitelisboa.com\/wp-content\/uploads\/2026\/02\/High-7-scaled.jpg\" class=\"attachment-full size-full\" alt=\"\" srcset=\"https:\/\/hotelwhitelisboa.com\/wp-content\/uploads\/2026\/02\/High-7-scaled.jpg 2560w, https:\/\/hotelwhitelisboa.com\/wp-content\/uploads\/2026\/02\/High-7-300x189.jpg 300w, https:\/\/hotelwhitelisboa.com\/wp-content\/uploads\/2026\/02\/High-7-1024x646.jpg 1024w\" sizes=\"auto, (max-width: 2560px) 100vw, 2560px\" \/><\/div><a class=\"w-gallery-item-link\" aria-label=\"High (7)\" href=\"https:\/\/hotelwhitelisboa.com\/wp-content\/uploads\/2026\/02\/High-7-scaled.jpg\"><\/a><\/div><\/div><\/div><\/div><\/div><\/div><\/div><\/section><section class=\"l-section wpb_row us_custom_b6b9dcaa height_small\"><div class=\"l-section-h i-cf\"><div class=\"g-cols vc_row via_grid cols_1 laptops-cols_inherit tablets-cols_inherit mobiles-cols_1 valign_top type_default stacking_default\"><div class=\"wpb_column vc_column_container\"><div class=\"vc_column-inner\"><\/div><\/div><\/div><\/div><\/section><section class=\"l-section wpb_row us_custom_b6b9dcaa height_auto width_full_with_indents\"><div class=\"l-section-h i-cf\"><div class=\"g-cols vc_row via_grid cols_1 laptops-cols_inherit tablets-cols_inherit mobiles-cols_1 valign_middle type_default reversed stacking_default\"><div class=\"wpb_column vc_column_container\"><div class=\"vc_column-inner\"><div class=\"wpb_text_column\"><div class=\"wpb_wrapper\"><h3>HIGH SUITE<\/h3>\n<\/div><\/div><div class=\"w-separator size_custom\" style=\"height:3px\"><\/div><div class=\"wpb_text_column us_custom_f1a35c23\"><div class=\"wpb_wrapper\"><h5 style=\"text-align: left;\">Un art de vivre raffin\u00e9, au c\u0153ur de Lisbonne.<\/h5>\n<\/div><\/div><div class=\"w-separator size_small\"><\/div><div class=\"wpb_text_column\"><div class=\"wpb_wrapper\"><p>40 m2 \/ 431 ft<\/p>\n<\/div><\/div><div class=\"w-separator size_medium\"><\/div><\/div><\/div><\/div><\/div><\/section><section class=\"l-section wpb_row us_custom_b6b9dcaa height_auto width_full_with_indents\"><div class=\"l-section-h i-cf\"><div class=\"g-cols vc_row via_grid cols_custom laptops-cols_inherit tablets-cols_inherit mobiles-cols_1 valign_top type_default stacking_default\" style=\"--columns-gap:0rem;--custom-columns:3fr 1.5fr 1.5fr \"><div class=\"wpb_column vc_column_container\"><div class=\"vc_column-inner\"><div class=\"wpb_text_column us_custom_a3e23628\"><div class=\"wpb_wrapper\"><p>Situ\u00e9e au dernier \u00e9tage de l&rsquo;h\u00f4tel, la suite High Duplex est un havre de paix spacieux et harmonieusement agenc\u00e9, id\u00e9al pour ceux qui recherchent un peu plus d&rsquo;espace. De grandes baies vitr\u00e9es laissent entrer la lumi\u00e8re naturelle, conf\u00e9rant \u00e0 la suite une atmosph\u00e8re a\u00e9r\u00e9e et sereine \u00e0 toute heure de la journ\u00e9e.<\/p>\n<p>Le niveau inf\u00e9rieur comprend un salon confortable avec un canap\u00e9-lit et un espace de travail d\u00e9di\u00e9 \u2014 id\u00e9al pour les s\u00e9jours prolong\u00e9s ou les voyages \u00e0 deux. \u00c0 l&rsquo;\u00e9tage, la chambre avec lit king-size offre un havre de paix surplombant la ville: reposante, intime et d&rsquo;un luxe discret.<\/p>\n<p>Une sophistication discr\u00e8te. Id\u00e9alement situ\u00e9e au sommet.<\/p>\n<\/div><\/div><div class=\"w-separator size_medium\"><\/div><\/div><\/div><div class=\"wpb_column vc_column_container\"><div class=\"vc_column-inner\"><div class=\"w-text us_custom_020a95dc icon_atleft\"><span class=\"w-text-h\"><i class=\"fal fa-circle\"><\/i><span class=\"w-text-value\">Climatisation<\/span><\/span><\/div><div class=\"w-text us_custom_020a95dc icon_atleft\"><span class=\"w-text-h\"><i class=\"fal fa-circle\"><\/i><span class=\"w-text-value\">Salle de bains avec douche<\/span><\/span><\/div><div class=\"w-text us_custom_020a95dc icon_atleft\"><span class=\"w-text-h\"><i class=\"fal fa-circle\"><\/i><span class=\"w-text-value\">Canap\u00e9-lit<\/span><\/span><\/div><div class=\"w-text us_custom_020a95dc icon_atleft\"><span class=\"w-text-h\"><i class=\"fal fa-circle\"><\/i><span class=\"w-text-value\">Wi-Fi gratuit<\/span><\/span><\/div><\/div><\/div><div class=\"wpb_column vc_column_container\"><div class=\"vc_column-inner\"><div class=\"w-text us_custom_020a95dc icon_atleft\"><span class=\"w-text-h\"><i class=\"fal fa-circle\"><\/i><span class=\"w-text-value\">Kitchenette enti\u00e8rement \u00e9quip\u00e9e <\/span><\/span><\/div><div class=\"w-text us_custom_020a95dc icon_atleft\"><span class=\"w-text-h\"><i class=\"fal fa-circle\"><\/i><span class=\"w-text-value\">T\u00e9l\u00e9viseur \u00e0 \u00e9cran plat<\/span><\/span><\/div><div class=\"w-text us_custom_020a95dc icon_atleft\"><span class=\"w-text-h\"><i class=\"fal fa-circle\"><\/i><span class=\"w-text-value\">Bureau<\/span><\/span><\/div><div class=\"w-text us_custom_020a95dc icon_atleft\"><span class=\"w-text-h\"><i class=\"fal fa-circle\"><\/i><span class=\"w-text-value\">Coffre-fort et minibar<\/span><\/span><\/div><\/div><\/div><\/div><\/div><\/section><section class=\"l-section wpb_row us_custom_b6b9dcaa height_small width_full\"><div class=\"l-section-h i-cf\"><div class=\"g-cols vc_row via_grid cols_1 laptops-cols_inherit tablets-cols_inherit mobiles-cols_1 valign_top type_default stacking_default\"><div class=\"wpb_column vc_column_container\"><div class=\"vc_column-inner\"><\/div><\/div><\/div><\/div><\/section>\n","protected":false},"excerpt":{"rendered":"SUITES Au-dessus de la ville. Un peu plus de tout. Plus d&rsquo;espace, plus de lumi\u00e8re et un peu plus de tout ce qui rend un s\u00e9jour exceptionnel. Que vous soyez ici pour un long week-end ou une escapade prolong\u00e9e, chaque suite de l&rsquo;Hotel White Lisboa a \u00e9t\u00e9 con\u00e7ue pour vous offrir le confort d&rsquo;un chez-soi...","protected":false},"author":1,"featured_media":0,"parent":0,"menu_order":0,"comment_status":"closed","ping_status":"closed","template":"","meta":{"footnotes":""},"class_list":["post-830","page","type-page","status-publish","hentry"],"_links":{"self":[{"href":"https:\/\/hotelwhitelisboa.com\/fr\/wp-json\/wp\/v2\/pages\/830","targetHints":{"allow":["GET"]}}],"collection":[{"href":"https:\/\/hotelwhitelisboa.com\/fr\/wp-json\/wp\/v2\/pages"}],"about":[{"href":"https:\/\/hotelwhitelisboa.com\/fr\/wp-json\/wp\/v2\/types\/page"}],"author":[{"embeddable":true,"href":"https:\/\/hotelwhitelisboa.com\/fr\/wp-json\/wp\/v2\/users\/1"}],"replies":[{"embeddable":true,"href":"https:\/\/hotelwhitelisboa.com\/fr\/wp-json\/wp\/v2\/comments?post=830"}],"version-history":[{"count":3,"href":"https:\/\/hotelwhitelisboa.com\/fr\/wp-json\/wp\/v2\/pages\/830\/revisions"}],"predecessor-version":[{"id":846,"href":"https:\/\/hotelwhitelisboa.com\/fr\/wp-json\/wp\/v2\/pages\/830\/revisions\/846"}],"wp:attachment":[{"href":"https:\/\/hotelwhitelisboa.com\/fr\/wp-json\/wp\/v2\/media?parent=830"}],"curies":[{"name":"wp","href":"https:\/\/api.w.org\/{rel}","templated":true}]}}