{"id":928,"date":"2026-05-01T14:15:59","date_gmt":"2026-05-01T14:15:59","guid":{"rendered":"https:\/\/hotelwhitelisboa.com\/offres\/"},"modified":"2026-05-01T21:32:14","modified_gmt":"2026-05-01T21:32:14","slug":"offres","status":"publish","type":"page","link":"https:\/\/hotelwhitelisboa.com\/fr\/offres\/","title":{"rendered":"OFFRES"},"content":{"rendered":"<section class=\"l-section wpb_row us_custom_b3be410f height_medium full_height valign_center with_img\"><div class=\"l-section-img\" role=\"img\" aria-label=\"Image\" data-img-width=\"2560\" data-img-height=\"1616\" style=\"background-image: url(https:\/\/hotelwhitelisboa.com\/wp-content\/uploads\/2026\/02\/Deluxe-03-pormenor-scaled.jpg);\"><\/div><div class=\"l-section-overlay\" style=\"background:rgba(10,10,10,0.30)\"><\/div><div class=\"l-section-h i-cf\"><div class=\"g-cols vc_row via_grid cols_1 laptops-cols_inherit tablets-cols_inherit mobiles-cols_1 valign_top type_default stacking_default\"><div class=\"wpb_column vc_column_container\"><div class=\"vc_column-inner\"><div class=\"wpb_text_column us_custom_c89fa3f8 has_text_color\"><div class=\"wpb_wrapper\"><h1 style=\"text-align: center;\">OFFRES SP\u00c9CIALES<\/h1>\n<\/div><\/div><\/div><\/div><\/div><\/div><\/section><section class=\"l-section wpb_row us_custom_b6b9dcaa height_medium width_full_with_indents\"><div class=\"l-section-h i-cf\"><div class=\"g-cols vc_row via_grid cols_1 laptops-cols_inherit tablets-cols_inherit mobiles-cols_1 valign_middle type_default stacking_default\"><div class=\"wpb_column vc_column_container\"><div class=\"vc_column-inner\"><div class=\"w-separator size_custom\" style=\"height:10px\"><\/div><div class=\"wpb_text_column us_custom_ec6bfb23\"><div class=\"wpb_wrapper\"><h4 style=\"text-align: center;\"><span>Des Offres Adapt\u00e9es \u00e0 Votre Mode de S\u00e9jour<\/span><\/h4>\n<\/div><\/div><div class=\"w-separator size_small\"><\/div><div class=\"wpb_text_column us_custom_fbc9b449\"><div class=\"wpb_wrapper\"><p style=\"text-align: center;\">Que vous planifiiez votre s\u00e9jour \u00e0 l&rsquo;avance, que vous souhaitiez vous \u00e9vader quelques nuits ou que vous envisagiez de rester un peu plus longtemps, nos offres ont \u00e9t\u00e9 soigneusement con\u00e7ues pour rendre chaque s\u00e9jour encore plus enrichissant. D\u00e9couvrez l&rsquo;offre qui correspond \u00e0 votre rythme et faites du White Hotel Lisboa votre adresse de pr\u00e9dilection en ville.<\/p>\n<\/div><\/div><\/div><\/div><\/div><\/div><\/section><section class=\"l-section wpb_row us_custom_b6b9dcaa height_auto width_full_with_indents\"><div class=\"l-section-h i-cf\"><div class=\"g-cols vc_row via_grid cols_2 laptops-cols_inherit tablets-cols_inherit mobiles-cols_1 valign_top type_default\" style=\"--columns-gap:0rem;\"><div class=\"wpb_column vc_column_container\"><div class=\"vc_column-inner\"><div class=\"w-image has_ratio align_none\"><div class=\"w-image-h\"><div style=\"padding-bottom:75%\"><\/div><img decoding=\"async\" width=\"1920\" height=\"1280\" src=\"https:\/\/hotelwhitelisboa.com\/wp-content\/uploads\/2026\/02\/White-Hotel-Rooftop-Pool.webp\" class=\"attachment-full size-full\" alt=\"\" loading=\"lazy\" \/><\/div><\/div><div class=\"w-separator size_custom\" style=\"height:2vh\"><\/div><div class=\"wpb_text_column\"><div class=\"wpb_wrapper\"><h2>RESTEZ PLUS LONGTEMPS, D\u00c9PENSEZ MOINS<\/h2>\n<\/div><\/div><div class=\"w-separator size_custom\" style=\"height:5px\"><\/div><div class=\"wpb_text_column us_custom_f1a35c23\"><div class=\"wpb_wrapper\"><h5 style=\"text-align: left;\">Plus de nuits, plus de Lisbonne<\/h5>\n<\/div><\/div><div class=\"w-separator size_custom\" style=\"height:5px\"><\/div><div class=\"wpb_text_column hide_on_default hide_on_laptops hide_on_tablets hide_on_mobiles\"><div class=\"wpb_wrapper\"><p style=\"text-align: left;\">From xxx\u20ac \/ night<\/p>\n<\/div><\/div><div class=\"w-separator size_small\"><\/div><div class=\"wpb_text_column\"><div class=\"wpb_wrapper\"><p>Pour les s\u00e9jours de quatre nuits ou plus, profitez d&rsquo;un s\u00e9jour encore plus agr\u00e9able avec le petit-d\u00e9jeuner inclus, ainsi que l&rsquo;enregistrement anticip\u00e9 et le d\u00e9part tardif. Con\u00e7ue avec soin pour vous offrir un s\u00e9jour plus tranquille et plus agr\u00e9able, cette formule vous permet de d\u00e9couvrir Lisbonne \u00e0 votre rythme, sans pr\u00e9cipitation et en toute s\u00e9r\u00e9nit\u00e9.<\/p>\n<\/div><\/div><div class=\"w-separator size_custom\" style=\"height:2vh\"><\/div><div class=\"g-cols wpb_row inner via_grid cols_2 laptops-cols_inherit tablets-cols_inherit mobiles-cols_1 valign_top type_default stacking_default\" style=\"--columns-gap:0rem;\"><div class=\"wpb_column vc_column_container\"><div class=\"vc_column-inner\"><div class=\"w-btn-wrapper align_left\"><a class=\"w-btn us-btn-style_7 hover-underline\" href=\"https:\/\/www.secure-hotel-booking.com\/d-edge\/Hotel-White-Lisboa\/JTYR??hotelId=30497&amp;arrivalDate=2026-11-26&amp;departureDate=2026-12-01&amp;rateAction=Highlight&amp;rateId=7257914&amp;selectedAdultCount=2\"><span class=\"w-btn-label\">Voir les tarifs<\/span><\/a><\/div><\/div><\/div><div class=\"wpb_column vc_column_container\"><div class=\"vc_column-inner\"><\/div><\/div><\/div><\/div><\/div><div class=\"wpb_column vc_column_container\"><div class=\"vc_column-inner\"><div class=\"w-image has_ratio align_none\"><div class=\"w-image-h\"><div style=\"padding-bottom:75%\"><\/div><img decoding=\"async\" width=\"2560\" height=\"1655\" src=\"https:\/\/hotelwhitelisboa.com\/wp-content\/uploads\/2026\/02\/High-5-scaled.jpg\" class=\"attachment-full size-full\" alt=\"\" loading=\"lazy\" \/><\/div><\/div><div class=\"w-separator size_custom\" style=\"height:2vh\"><\/div><div class=\"wpb_text_column\"><div class=\"wpb_wrapper\"><h2>SUITE DREAMS<\/h2>\n<\/div><\/div><div class=\"w-separator size_custom\" style=\"height:5px\"><\/div><div class=\"wpb_text_column us_custom_f1a35c23\"><div class=\"wpb_wrapper\"><h5 style=\"text-align: left;\">Suite Dreams, Au-dessus de la Ville<\/h5>\n<\/div><\/div><div class=\"w-separator size_custom\" style=\"height:5px\"><\/div><div class=\"wpb_text_column hide_on_default hide_on_laptops hide_on_tablets hide_on_mobiles\"><div class=\"wpb_wrapper\"><p style=\"text-align: left;\">From xxx\u20ac \/ night<\/p>\n<\/div><\/div><div class=\"w-separator size_small\"><\/div><div class=\"wpb_text_column\"><div class=\"wpb_wrapper\"><p>\u00c9vadez-vous dans l&rsquo;une de nos suites situ\u00e9es au dernier \u00e9tage et d\u00e9couvrez un s\u00e9jour plac\u00e9 sous le signe de l&rsquo;espace, de la lumi\u00e8re et d&rsquo;une sophistication discr\u00e8te. Valable pour les s\u00e9jours de trois nuits ou plus, l&rsquo;offre \u00ab Suite Dreams \u00bb comprend le petit-d\u00e9jeuner et l&rsquo;enregistrement anticip\u00e9 garanti, ajoutant encore plus de confort \u00e0 une exp\u00e9rience lisbo\u00e8te con\u00e7ue pour vous offrir un raffinement naturel.<\/p>\n<\/div><\/div><div class=\"w-separator size_custom\" style=\"height:2vh\"><\/div><div class=\"g-cols wpb_row inner via_grid cols_2 laptops-cols_inherit tablets-cols_inherit mobiles-cols_1 valign_top type_default stacking_default\" style=\"--columns-gap:0rem;\"><div class=\"wpb_column vc_column_container\"><div class=\"vc_column-inner\"><div class=\"w-btn-wrapper align_left\"><a class=\"w-btn us-btn-style_7 hover-underline\" href=\"mailto:reservations@hotelwhitelisboa.com\"><span class=\"w-btn-label\">V\u00e9rifier la disponibilit\u00e9<\/span><\/a><\/div><\/div><\/div><div class=\"wpb_column vc_column_container\"><div class=\"vc_column-inner\"><\/div><\/div><\/div><\/div><\/div><\/div><\/div><\/section><section class=\"l-section wpb_row us_custom_b6b9dcaa height_auto width_full_with_indents parallax_ver\"><div class=\"l-section-h i-cf\"><div class=\"g-cols vc_row via_grid cols_1 laptops-cols_inherit tablets-cols_inherit mobiles-cols_1 valign_top type_default stacking_default\"><div class=\"wpb_column vc_column_container\"><div class=\"vc_column-inner\"><div class=\"w-separator size_medium\"><\/div><\/div><\/div><\/div><\/div><\/section><section class=\"l-section wpb_row us_custom_b6b9dcaa height_auto width_full_with_indents\"><div class=\"l-section-h i-cf\"><div class=\"g-cols vc_row via_grid cols_2 laptops-cols_inherit tablets-cols_inherit mobiles-cols_1 valign_top type_default\" style=\"--columns-gap:0rem;\"><div class=\"wpb_column vc_column_container\"><div class=\"vc_column-inner\"><div class=\"w-image has_ratio align_none\"><div class=\"w-image-h\"><div style=\"padding-bottom:75%\"><\/div><img decoding=\"async\" width=\"2560\" height=\"1920\" src=\"https:\/\/hotelwhitelisboa.com\/wp-content\/uploads\/2026\/03\/tatiana-parubenko-w8rxvPorNt8-unsplash-scaled.webp\" class=\"attachment-full size-full\" alt=\"\" loading=\"lazy\" \/><\/div><\/div><div class=\"w-separator size_custom\" style=\"height:2vh\"><\/div><div class=\"wpb_text_column\"><div class=\"wpb_wrapper\"><h2>EXP\u00c9RIENCE ROMANTIQUE<\/h2>\n<\/div><\/div><div class=\"w-separator size_custom\" style=\"height:5px\"><\/div><div class=\"wpb_text_column us_custom_f1a35c23\"><div class=\"wpb_wrapper\"><h5 style=\"text-align: left;\">Restez amoureux, une histoire d&rsquo;amour qui se d\u00e9voile en douceur<\/h5>\n<\/div><\/div><div class=\"w-separator size_custom\" style=\"height:5px\"><\/div><div class=\"wpb_text_column hide_on_default hide_on_laptops hide_on_tablets hide_on_mobiles\"><div class=\"wpb_wrapper\"><p style=\"text-align: left;\">From xxx\u20ac \/ night<\/p>\n<\/div><\/div><div class=\"w-separator size_small\"><\/div><div class=\"wpb_text_column\"><div class=\"wpb_wrapper\"><p>Pour une nuit ou plus, d\u00e9couvrez une escapade romantique o\u00f9 chaque d\u00e9tail a \u00e9t\u00e9 pens\u00e9 avec soin et o\u00f9 le confort est au rendez-vous. Avec le petit-d\u00e9jeuner inclus, des chocolats et un bouquet de fleurs \u00e0 votre arriv\u00e9e, ainsi qu\u2019un d\u00e9part tardif garanti, \u00ab Stay in Love \u00bb est con\u00e7u pour vous faire vivre des moments inoubliables \u00e0 deux.<\/p>\n<\/div><\/div><div class=\"w-separator size_custom\" style=\"height:2vh\"><\/div><div class=\"g-cols wpb_row inner via_grid cols_2 laptops-cols_inherit tablets-cols_inherit mobiles-cols_1 valign_top type_default stacking_default\" style=\"--columns-gap:0rem;\"><div class=\"wpb_column vc_column_container\"><div class=\"vc_column-inner\"><div class=\"w-btn-wrapper align_left\"><a class=\"w-btn us-btn-style_7 hover-underline\" href=\"https:\/\/www.secure-hotel-booking.com\/d-edge\/Hotel-White-Lisboa\/JTYR??hotelId=30497&amp;arrivalDate=2026-11-26&amp;departureDate=2026-11-27&amp;rateAction=Highlight&amp;rateId=730484&amp;selectedAdultCount=2\"><span class=\"w-btn-label\">Voir les tarifs<\/span><\/a><\/div><\/div><\/div><div class=\"wpb_column vc_column_container\"><div class=\"vc_column-inner\"><\/div><\/div><\/div><\/div><\/div><div class=\"wpb_column vc_column_container\"><div class=\"vc_column-inner\"><div class=\"w-image has_ratio align_none\"><div class=\"w-image-h\"><div style=\"padding-bottom:75%\"><\/div><img decoding=\"async\" width=\"2121\" height=\"1414\" src=\"https:\/\/hotelwhitelisboa.com\/wp-content\/uploads\/2026\/03\/iStock-2077441223.webp\" class=\"attachment-full size-full\" alt=\"\" loading=\"lazy\" \/><\/div><\/div><div class=\"w-separator size_custom\" style=\"height:2vh\"><\/div><div class=\"wpb_text_column\"><div class=\"wpb_wrapper\"><h2>PETIT-D\u00c9JEUNER INCLUS<\/h2>\n<\/div><\/div><div class=\"w-separator size_custom\" style=\"height:5px\"><\/div><div class=\"wpb_text_column us_custom_f1a35c23\"><div class=\"wpb_wrapper\"><h5 style=\"text-align: left;\">R\u00e9veil et petit-d\u00e9jeuner compris<\/h5>\n<\/div><\/div><div class=\"w-separator size_custom\" style=\"height:5px\"><\/div><div class=\"wpb_text_column hide_on_default hide_on_laptops hide_on_tablets hide_on_mobiles\"><div class=\"wpb_wrapper\"><p style=\"text-align: left;\">From xxx\u20ac \/ night<\/p>\n<\/div><\/div><div class=\"w-separator size_small\"><\/div><div class=\"wpb_text_column\"><div class=\"wpb_wrapper\"><p>Pour un s\u00e9jour encore plus harmonieux, profitez d&rsquo;un petit-d\u00e9jeuner inclus chaque matin de votre s\u00e9jour. Une petite attention qui vous apporte plus de s\u00e9r\u00e9nit\u00e9, plus de confort et plus de temps pour d\u00e9couvrir Lisbonne \u00e0 votre rythme.<\/p>\n<\/div><\/div><div class=\"w-separator size_custom\" style=\"height:2vh\"><\/div><div class=\"g-cols wpb_row inner via_grid cols_2 laptops-cols_inherit tablets-cols_inherit mobiles-cols_1 valign_top type_default stacking_default\" style=\"--columns-gap:0rem;\"><div class=\"wpb_column vc_column_container\"><div class=\"vc_column-inner\"><div class=\"w-btn-wrapper align_left\"><a class=\"w-btn us-btn-style_7 hover-underline\" href=\"https:\/\/www.secure-hotel-booking.com\/d-edge\/Hotel-White-Lisboa\/JTYR\/DateSelection?invalidateEngineCache=true\"><span class=\"w-btn-label\">Voir les tarifs<\/span><\/a><\/div><\/div><\/div><div class=\"wpb_column vc_column_container\"><div class=\"vc_column-inner\"><\/div><\/div><\/div><\/div><\/div><\/div><\/div><\/section><section class=\"l-section wpb_row us_custom_b6b9dcaa height_auto width_full_with_indents parallax_ver\"><div class=\"l-section-h i-cf\"><div class=\"g-cols vc_row via_grid cols_1 laptops-cols_inherit tablets-cols_inherit mobiles-cols_1 valign_top type_default stacking_default\"><div class=\"wpb_column vc_column_container\"><div class=\"vc_column-inner\"><div class=\"w-separator size_medium\"><\/div><\/div><\/div><\/div><\/div><\/section>\n","protected":false},"excerpt":{"rendered":"OFFRES SP\u00c9CIALES Des Offres Adapt\u00e9es \u00e0 Votre Mode de S\u00e9jour Que vous planifiiez votre s\u00e9jour \u00e0 l&rsquo;avance, que vous souhaitiez vous \u00e9vader quelques nuits ou que vous envisagiez de rester un peu plus longtemps, nos offres ont \u00e9t\u00e9 soigneusement con\u00e7ues pour rendre chaque s\u00e9jour encore plus enrichissant. D\u00e9couvrez l&rsquo;offre qui correspond \u00e0 votre rythme et...","protected":false},"author":2,"featured_media":842,"parent":0,"menu_order":0,"comment_status":"closed","ping_status":"closed","template":"","meta":{"footnotes":""},"class_list":["post-928","page","type-page","status-publish","has-post-thumbnail","hentry"],"_links":{"self":[{"href":"https:\/\/hotelwhitelisboa.com\/fr\/wp-json\/wp\/v2\/pages\/928","targetHints":{"allow":["GET"]}}],"collection":[{"href":"https:\/\/hotelwhitelisboa.com\/fr\/wp-json\/wp\/v2\/pages"}],"about":[{"href":"https:\/\/hotelwhitelisboa.com\/fr\/wp-json\/wp\/v2\/types\/page"}],"author":[{"embeddable":true,"href":"https:\/\/hotelwhitelisboa.com\/fr\/wp-json\/wp\/v2\/users\/2"}],"replies":[{"embeddable":true,"href":"https:\/\/hotelwhitelisboa.com\/fr\/wp-json\/wp\/v2\/comments?post=928"}],"version-history":[{"count":3,"href":"https:\/\/hotelwhitelisboa.com\/fr\/wp-json\/wp\/v2\/pages\/928\/revisions"}],"predecessor-version":[{"id":931,"href":"https:\/\/hotelwhitelisboa.com\/fr\/wp-json\/wp\/v2\/pages\/928\/revisions\/931"}],"wp:featuredmedia":[{"embeddable":true,"href":"https:\/\/hotelwhitelisboa.com\/fr\/wp-json\/wp\/v2\/media\/842"}],"wp:attachment":[{"href":"https:\/\/hotelwhitelisboa.com\/fr\/wp-json\/wp\/v2\/media?parent=928"}],"curies":[{"name":"wp","href":"https:\/\/api.w.org\/{rel}","templated":true}]}}